{"id":1834,"date":"2019-02-20T14:57:18","date_gmt":"2019-02-20T13:57:18","guid":{"rendered":"http:\/\/mz-badkreuznach.bildung-rp.de\/?page_id=1834"},"modified":"2025-07-22T10:28:53","modified_gmt":"2025-07-22T08:28:53","slug":"verleih-des-alzheimer-koffers","status":"publish","type":"page","link":"https:\/\/mz-badkreuznach.bildung-rp.de\/?page_id=1834","title":{"rendered":"Verleih des Alzheimer-Koffers"},"content":{"rendered":"\n<h1 class=\"wp-block-heading\" id=\"alzheimer-koffer-der-tu-karlsruhe\">Alzheimer-Koffer der TU Karlsruhe<\/h1>\n\n\n\n<p class=\"wp-block-paragraph\" style=\"font-size:18px\">F\u00fcr Ihren Unterricht zum Thema &#8222;GEHIRN&#8220; in Sek I und Sek II k\u00f6nnen Sie bei uns kostenlos den <a href=\"http:\/\/www.alzheimerkoffer.de\/#\">Alzheimer-Koffer<\/a> der TU Karlsruhe ausleihen.<\/p>\n\n\n\n<p class=\"has-medium-font-size wp-block-paragraph\"><\/p>\n\n\n\n<section id=\"section-g-1qds7d6\" class=\"wp-block-gutentor-gallery gutentor-section gutentor-gallery gutentor-gallery-wrapper enable-masonry gallery-template1\"><div class=\"grid-container\"><div class=\"gutentor-block-header\"><div class=\"gutentor-section-title enable-title-design seperator-bottom text-center\"><h2 class=\"gutentor-title\"><\/h2><\/div><\/div><div class=\"grid-row gutentor-grid-item-wrap full-width-row\"><div class=\"gutentor-gallery-item grid-lg-4 grid-md-4 grid-12\"><div class=\"gutentor-single-item gutentor-image gutentor-single-item-0\"><div class=\"gutentor-gallery-item-wrap\"><div class=\"gutentor-single-item-image-box\"><div class=\"gutentor-image-thumb\"><img data-recalc-dims=\"1\" loading=\"lazy\" decoding=\"async\" class=\"normal-image\" src=\"https:\/\/i0.wp.com\/mz-badkreuznach.bildung-rp.de\/wp-content\/uploads\/2025\/07\/Alzheimer1-scaled.jpg?resize=1200%2C1600&#038;ssl=1\" alt=\"\" height=\"1600\" width=\"1200\"\/><\/div><\/div><div class=\"gutentor-single-item-content\"><div class=\"gutentor-gallery-item-header\"><h3 class=\"gutentor-single-item-title\">(Fotos: KMZ)<\/h3><a href=\"https:\/\/mz-badkreuznach.bildung-rp.de\/wp-content\/uploads\/2025\/07\/Alzheimer1-scaled.jpg\" class=\"image-gallery\"><i class=\"gallery-icon fas fa-search\"><\/i><\/a><\/div><div class=\"gutentor-gallery-item-desc\"><p class=\"gutentor-single-item-desc\"><\/p><\/div><\/div><\/div><\/div><\/div><div class=\"gutentor-gallery-item grid-lg-4 grid-md-4 grid-12\"><div class=\"gutentor-single-item gutentor-image gutentor-single-item-1\"><div class=\"gutentor-gallery-item-wrap\"><div class=\"gutentor-single-item-image-box\"><div class=\"gutentor-image-thumb\"><img data-recalc-dims=\"1\" loading=\"lazy\" decoding=\"async\" class=\"normal-image\" src=\"https:\/\/i0.wp.com\/mz-badkreuznach.bildung-rp.de\/wp-content\/uploads\/2025\/07\/Alzheimer3-scaled.jpg?resize=1200%2C1600&#038;ssl=1\" alt=\"\" height=\"1600\" width=\"1200\"\/><\/div><\/div><div class=\"gutentor-single-item-content\"><div class=\"gutentor-gallery-item-header\"><h3 class=\"gutentor-single-item-title\"><\/h3><a href=\"https:\/\/mz-badkreuznach.bildung-rp.de\/wp-content\/uploads\/2025\/07\/Alzheimer3-scaled.jpg\" class=\"image-gallery\"><i class=\"gallery-icon fas fa-search\"><\/i><\/a><\/div><div class=\"gutentor-gallery-item-desc\"><p class=\"gutentor-single-item-desc\"><\/p><\/div><\/div><\/div><\/div><\/div><div class=\"gutentor-gallery-item grid-lg-4 grid-md-4 grid-12\"><div class=\"gutentor-single-item gutentor-image gutentor-single-item-2\"><div class=\"gutentor-gallery-item-wrap\"><div class=\"gutentor-single-item-image-box\"><div class=\"gutentor-image-thumb\"><img data-recalc-dims=\"1\" loading=\"lazy\" decoding=\"async\" class=\"normal-image\" src=\"https:\/\/i0.wp.com\/mz-badkreuznach.bildung-rp.de\/wp-content\/uploads\/2025\/07\/Alzheimer4-scaled.jpg?resize=1200%2C1600&#038;ssl=1\" alt=\"\" height=\"1600\" width=\"1200\"\/><\/div><\/div><div class=\"gutentor-single-item-content\"><div class=\"gutentor-gallery-item-header\"><h3 class=\"gutentor-single-item-title\"><\/h3><a href=\"https:\/\/mz-badkreuznach.bildung-rp.de\/wp-content\/uploads\/2025\/07\/Alzheimer4-scaled.jpg\" class=\"image-gallery\"><i class=\"gallery-icon fas fa-search\"><\/i><\/a><\/div><div class=\"gutentor-gallery-item-desc\"><p class=\"gutentor-single-item-desc\"><\/p><\/div><\/div><\/div><\/div><\/div><\/div><\/div><\/section>\n\n\n\n<p class=\"wp-block-paragraph\" style=\"font-size:18px\">Enthalten sind: <\/p>\n\n\n\n<p class=\"has-background wp-block-paragraph\" style=\"background-color:#f0f2ed;font-size:18px\">zwei 3D-Drucke des gesunden und des erkrankten Gehirns im Scheibenschnitt<\/p>\n\n\n\n<p class=\"has-background wp-block-paragraph\" style=\"background-color:#f0f2ed;font-size:18px\">dazu passend die <a href=\"https:\/\/mz-badkreuznach.bildung-rp.de\/wp-content\/uploads\/2019\/02\/Theorie_Forschungsdesign_AR.pdf\">Android-App zur AR-Darstellung<\/a> (augmented reality) des Gehirns<\/p>\n\n\n\n<p class=\"has-background wp-block-paragraph\" style=\"background-color:#f0f2ed;font-size:18px\">eine ausf\u00fchrliche Pr\u00e4parationsanleitung f\u00fcr Schweinehirne<\/p>\n\n\n\n<p class=\"has-background wp-block-paragraph\" style=\"background-color:#f0f2ed;font-size:18px\">ein Materialienordner mit wissenschaftlichem Material<\/p>\n\n\n\n<p class=\"has-background wp-block-paragraph\" style=\"background-color:#f0f2ed;font-size:18px\">Buch &#8222;\u00dcber das Vergessen lernen &#8211; Alzheimer Demenz im Biologieunterrich<\/p>\n\n\n\n<p class=\"has-background wp-block-paragraph\" style=\"background-color:#f0f2ed;font-size:18px\">40 Hirnschnitte des M\u00e4usehirns als mikroskopisches Pr\u00e4parat<\/p>\n\n\n\n<p class=\"has-background wp-block-paragraph\" style=\"background-color:#f0f2ed;font-size:18px\">CD-Rom mit Film- und Audiomaterial \/ Pr\u00e4parationsanleitung<\/p>\n\n\n\n<p class=\"has-text-color wp-block-paragraph\" style=\"color:#6571e0;font-size:18px\">Informieren Sie sich auch \u00fcber das <a href=\"https:\/\/mz-badkreuznach.bildung-rp.de\/wp-content\/uploads\/2019\/02\/Anschreiben-Kooperation-TUKL.pdf\">Kooperationsangebot der TU Karlsruhe f\u00fcr Schulen<\/a><\/p>\n","protected":false},"excerpt":{"rendered":"<p>Alzheimer-Koffer der TU Karlsruhe F\u00fcr Ihren Unterricht zum Thema &#8222;GEHIRN&#8220; in Sek I und Sek II k\u00f6nnen Sie bei uns kostenlos den Alzheimer-Koffer der TU Karlsruhe ausleihen. Enthalten sind: zwei 3D-Drucke des gesunden und des erkrankten Gehirns im Scheibenschnitt dazu passend die Android-App zur AR-Darstellung (augmented reality) des Gehirns eine ausf\u00fchrliche Pr\u00e4parationsanleitung f\u00fcr Schweinehirne ein [&hellip;]<\/p>\n","protected":false},"author":2,"featured_media":0,"parent":0,"menu_order":0,"comment_status":"closed","ping_status":"closed","template":"","meta":{"_crdt_document":"","footnotes":""},"class_list":["post-1834","page","type-page","status-publish","hentry","entry"],"jetpack_sharing_enabled":true,"_links":{"self":[{"href":"https:\/\/mz-badkreuznach.bildung-rp.de\/index.php?rest_route=\/wp\/v2\/pages\/1834","targetHints":{"allow":["GET"]}}],"collection":[{"href":"https:\/\/mz-badkreuznach.bildung-rp.de\/index.php?rest_route=\/wp\/v2\/pages"}],"about":[{"href":"https:\/\/mz-badkreuznach.bildung-rp.de\/index.php?rest_route=\/wp\/v2\/types\/page"}],"author":[{"embeddable":true,"href":"https:\/\/mz-badkreuznach.bildung-rp.de\/index.php?rest_route=\/wp\/v2\/users\/2"}],"replies":[{"embeddable":true,"href":"https:\/\/mz-badkreuznach.bildung-rp.de\/index.php?rest_route=%2Fwp%2Fv2%2Fcomments&post=1834"}],"version-history":[{"count":19,"href":"https:\/\/mz-badkreuznach.bildung-rp.de\/index.php?rest_route=\/wp\/v2\/pages\/1834\/revisions"}],"predecessor-version":[{"id":26921,"href":"https:\/\/mz-badkreuznach.bildung-rp.de\/index.php?rest_route=\/wp\/v2\/pages\/1834\/revisions\/26921"}],"wp:attachment":[{"href":"https:\/\/mz-badkreuznach.bildung-rp.de\/index.php?rest_route=%2Fwp%2Fv2%2Fmedia&parent=1834"}],"curies":[{"name":"wp","href":"https:\/\/api.w.org\/{rel}","templated":true}]}}