{"id":24512,"date":"2021-06-16T09:11:26","date_gmt":"2021-06-16T07:11:26","guid":{"rendered":"http:\/\/mz-badkreuznach.bildung-rp.de\/?page_id=24512"},"modified":"2024-06-20T11:44:32","modified_gmt":"2024-06-20T09:44:32","slug":"desklab-photometer","status":"publish","type":"page","link":"https:\/\/mz-badkreuznach.bildung-rp.de\/?page_id=24512","title":{"rendered":"Desklab-Photometer"},"content":{"rendered":"\n<p class=\"has-medium-font-size wp-block-paragraph\">Sie k\u00f6nnen bei uns einen <strong>Klassensatz<\/strong> des <strong>Desk-Lab-Photometers<\/strong> f\u00fcr MINT-F\u00e4cher ausleihen.<\/p>\n\n\n\n<p class=\"has-medium-font-size wp-block-paragraph\">Wenn Sie das Photometer reservieren wollen, <strong>kontaktieren Sie uns bitte <span style=\"text-decoration: underline;\">dringend <\/span>vorab<\/strong> <a rel=\"noreferrer noopener\" href=\"mailto:bad-kreuznach@kmz.bildung-rp.de\" target=\"_blank\">per Mail <\/a>oder telefonisch unter 0671-803 1667 (1668). Bitte beachten Sie, dass unser B\u00fcro nicht durchgehend besetzt ist. <\/p>\n\n\n\n<hr class=\"wp-block-separator has-text-color has-white-color has-css-opacity has-white-background-color has-background\"\/>\n\n\n\n<ul class=\"has-medium-font-size wp-block-list\">\n<li><a href=\"https:\/\/inmis.bildung-rp.de\/detailKundenmedien.asp?medium=35336\">Infos zum Inhalt<\/a> auf inMIS<\/li>\n<\/ul>\n\n\n\n<ul class=\"has-medium-font-size wp-block-list\">\n<li>Infos des <a rel=\"noreferrer noopener\" href=\"https:\/\/desk-lab.de\/\" target=\"_blank\">Anbieters Desk-Lab<\/a><\/li>\n<\/ul>\n\n\n\n<ul class=\"has-medium-font-size wp-block-list\">\n<li><a href=\"https:\/\/www.desk-lab.de\/docs-intro\/\">Unterrichtsmaterial zum Download<\/a><\/li>\n<\/ul>\n\n\n\n<div class=\"wp-block-buttons is-layout-flex wp-block-buttons-is-layout-flex\">\n<div class=\"wp-block-button\"><a class=\"wp-block-button__link has-white-color has-text-color has-background wp-element-button\" href=\"https:\/\/evewa.bildung-rp.de\/veranstaltungskatalog\" style=\"background-color:#398ee9\" target=\"_blank\" rel=\"noreferrer noopener\">Fortbildungen auf <strong>Fortbildung Online <\/strong>suchen<\/a><\/div>\n<\/div>\n\n\n\n<hr class=\"wp-block-separator has-text-color has-white-color has-css-opacity has-white-background-color has-background\"\/>\n\n\n\n<div class=\"wp-block-jetpack-tiled-gallery aligncenter is-style-rectangular\"><div class=\"tiled-gallery__gallery\"><div class=\"tiled-gallery__row\"><div class=\"tiled-gallery__col\" style=\"flex-basis:50.00376%\"><figure class=\"tiled-gallery__item\"><img decoding=\"async\" srcset=\"https:\/\/i1.wp.com\/mz-badkreuznach.bildung-rp.de\/wp-content\/uploads\/2021\/07\/DSC3586-2-1024x678.jpg?strip=info&#038;w=600 600w,https:\/\/i1.wp.com\/mz-badkreuznach.bildung-rp.de\/wp-content\/uploads\/2021\/07\/DSC3586-2-1024x678.jpg?strip=info&#038;w=900 900w,https:\/\/i1.wp.com\/mz-badkreuznach.bildung-rp.de\/wp-content\/uploads\/2021\/07\/DSC3586-2-1024x678.jpg?strip=info&#038;w=1200 1200w,https:\/\/i1.wp.com\/mz-badkreuznach.bildung-rp.de\/wp-content\/uploads\/2021\/07\/DSC3586-2-1024x678.jpg?strip=info&#038;w=1500 1500w,https:\/\/i1.wp.com\/mz-badkreuznach.bildung-rp.de\/wp-content\/uploads\/2021\/07\/DSC3586-2-1024x678.jpg?strip=info&#038;w=1800 1800w,https:\/\/i1.wp.com\/mz-badkreuznach.bildung-rp.de\/wp-content\/uploads\/2021\/07\/DSC3586-2-1024x678.jpg?strip=info&#038;w=2000 2000w\" alt=\"\" data-height=\"1656\" data-id=\"24616\" data-link=\"https:\/\/mz-badkreuznach.bildung-rp.de\/?attachment_id=24616\" data-url=\"https:\/\/mz-badkreuznach.bildung-rp.de\/wp-content\/uploads\/2021\/07\/DSC3586-2-1024x678.jpg\" data-width=\"2500\" src=\"https:\/\/i1.wp.com\/mz-badkreuznach.bildung-rp.de\/wp-content\/uploads\/2021\/07\/DSC3586-2-1024x678.jpg\" data-amp-layout=\"responsive\"\/><\/figure><\/div><div class=\"tiled-gallery__col\" style=\"flex-basis:49.99624%\"><figure class=\"tiled-gallery__item\"><img decoding=\"async\" srcset=\"https:\/\/i1.wp.com\/mz-badkreuznach.bildung-rp.de\/wp-content\/uploads\/2021\/07\/DSC3633-2-1024x678.jpg?strip=info&#038;w=600 600w,https:\/\/i1.wp.com\/mz-badkreuznach.bildung-rp.de\/wp-content\/uploads\/2021\/07\/DSC3633-2-1024x678.jpg?strip=info&#038;w=900 900w,https:\/\/i1.wp.com\/mz-badkreuznach.bildung-rp.de\/wp-content\/uploads\/2021\/07\/DSC3633-2-1024x678.jpg?strip=info&#038;w=1200 1200w,https:\/\/i1.wp.com\/mz-badkreuznach.bildung-rp.de\/wp-content\/uploads\/2021\/07\/DSC3633-2-1024x678.jpg?strip=info&#038;w=1500 1500w,https:\/\/i1.wp.com\/mz-badkreuznach.bildung-rp.de\/wp-content\/uploads\/2021\/07\/DSC3633-2-1024x678.jpg?strip=info&#038;w=1800 1800w,https:\/\/i1.wp.com\/mz-badkreuznach.bildung-rp.de\/wp-content\/uploads\/2021\/07\/DSC3633-2-1024x678.jpg?strip=info&#038;w=2000 2000w\" alt=\"\" data-height=\"1696\" data-id=\"24614\" data-link=\"https:\/\/mz-badkreuznach.bildung-rp.de\/?attachment_id=24614\" data-url=\"https:\/\/mz-badkreuznach.bildung-rp.de\/wp-content\/uploads\/2021\/07\/DSC3633-2-1024x678.jpg\" data-width=\"2560\" src=\"https:\/\/i1.wp.com\/mz-badkreuznach.bildung-rp.de\/wp-content\/uploads\/2021\/07\/DSC3633-2-1024x678.jpg\" data-amp-layout=\"responsive\"\/><\/figure><\/div><\/div><\/div><\/div>\n\n\n\n<p class=\"wp-block-paragraph\">Quelle: \u00a9 desklab (www.desk-lab.de), 2021<\/p>\n","protected":false},"excerpt":{"rendered":"<p>Sie k\u00f6nnen bei uns einen Klassensatz des Desk-Lab-Photometers f\u00fcr MINT-F\u00e4cher ausleihen. Wenn Sie das Photometer reservieren wollen, kontaktieren Sie uns bitte dringend vorab per Mail oder telefonisch unter 0671-803 1667 (1668). Bitte beachten Sie, dass unser B\u00fcro nicht durchgehend besetzt ist. Quelle: \u00a9 desklab (www.desk-lab.de), 2021<\/p>\n","protected":false},"author":2,"featured_media":0,"parent":0,"menu_order":0,"comment_status":"closed","ping_status":"closed","template":"","meta":{"_crdt_document":"","footnotes":""},"class_list":["post-24512","page","type-page","status-publish","hentry","entry"],"jetpack_sharing_enabled":true,"_links":{"self":[{"href":"https:\/\/mz-badkreuznach.bildung-rp.de\/index.php?rest_route=\/wp\/v2\/pages\/24512","targetHints":{"allow":["GET"]}}],"collection":[{"href":"https:\/\/mz-badkreuznach.bildung-rp.de\/index.php?rest_route=\/wp\/v2\/pages"}],"about":[{"href":"https:\/\/mz-badkreuznach.bildung-rp.de\/index.php?rest_route=\/wp\/v2\/types\/page"}],"author":[{"embeddable":true,"href":"https:\/\/mz-badkreuznach.bildung-rp.de\/index.php?rest_route=\/wp\/v2\/users\/2"}],"replies":[{"embeddable":true,"href":"https:\/\/mz-badkreuznach.bildung-rp.de\/index.php?rest_route=%2Fwp%2Fv2%2Fcomments&post=24512"}],"version-history":[{"count":19,"href":"https:\/\/mz-badkreuznach.bildung-rp.de\/index.php?rest_route=\/wp\/v2\/pages\/24512\/revisions"}],"predecessor-version":[{"id":26398,"href":"https:\/\/mz-badkreuznach.bildung-rp.de\/index.php?rest_route=\/wp\/v2\/pages\/24512\/revisions\/26398"}],"wp:attachment":[{"href":"https:\/\/mz-badkreuznach.bildung-rp.de\/index.php?rest_route=%2Fwp%2Fv2%2Fmedia&parent=24512"}],"curies":[{"name":"wp","href":"https:\/\/api.w.org\/{rel}","templated":true}]}}