{"id":24671,"date":"2021-09-07T11:41:06","date_gmt":"2021-09-07T09:41:06","guid":{"rendered":"http:\/\/mz-badkreuznach.bildung-rp.de\/?page_id=24671"},"modified":"2023-04-20T09:48:08","modified_gmt":"2023-04-20T07:48:08","slug":"workshop-erste-schritte-mit-dem-ipad","status":"publish","type":"page","link":"https:\/\/mz-badkreuznach.bildung-rp.de\/?page_id=24671","title":{"rendered":"iPad &#8211; Verleih und Workshops"},"content":{"rendered":"\n<hr class=\"wp-block-separator has-text-color has-white-color has-css-opacity has-white-background-color has-background\"\/>\n\n\n\n<div class=\"wp-block-group\"><div class=\"wp-block-group__inner-container is-layout-flow wp-block-group-is-layout-flow\">\n<div class=\"wp-block-columns is-layout-flex wp-container-core-columns-is-layout-8f761849 wp-block-columns-is-layout-flex\">\n<div class=\"wp-block-column is-layout-flow wp-block-column-is-layout-flow\" style=\"flex-basis:100%\">\n<div class=\"wp-block-group\"><div class=\"wp-block-group__inner-container is-layout-flow wp-block-group-is-layout-flow\">\n<p class=\"has-medium-font-size wp-block-paragraph\"><strong>Wir bieten Ihnen 2 Koffer mit insgesamt 29 iPads f\u00fcr Ihren Unterricht zum Verleih an:<\/strong><\/p>\n<\/div><\/div>\n<\/div>\n<\/div>\n\n\n\n<p class=\"wp-block-paragraph\"><\/p>\n\n\n\n<ul class=\"has-medium-font-size wp-block-list\">\n<li>Best\u00fcckung der iPads mit den gew\u00fcnschten Apps aus unserem <a href=\"https:\/\/mz-badkreuznach.bildung-rp.de\/?page_id=979\" target=\"_blank\" rel=\"noreferrer noopener\">App-Angebot<\/a><\/li>\n<\/ul>\n\n\n\n<ul class=\"has-medium-font-size wp-block-list\">\n<li>auf Wunsch Lehrer-iPad mit Classroom App<\/li>\n<\/ul>\n\n\n\n<ul class=\"has-medium-font-size wp-block-list\">\n<li>Apple-TV zur Drahtlos\u00fcbertragung per Beamer<\/li>\n<\/ul>\n\n\n\n<ul class=\"has-medium-font-size wp-block-list\">\n<li>Apple-Pencils<\/li>\n<\/ul>\n\n\n\n<p class=\"wp-block-paragraph\"><\/p>\n\n\n\n<p class=\"has-medium-font-size wp-block-paragraph\">Bitte melden Sie sich f\u00fcr die Ausleihe telefonisch unter <\/p>\n\n\n\n<p class=\"has-medium-font-size wp-block-paragraph\">0671 &#8211; 803 1667 (1668) oder per Mail:  <a href=\"mailto:bad-kreuznach@kmz.bildung-rp.de\">E-Mail an das Kreismedienzentrum<\/a><\/p>\n\n\n\n<hr class=\"wp-block-separator has-text-color has-black-color has-css-opacity has-black-background-color has-background is-style-wide\"\/>\n\n\n\n<div class=\"wp-block-group\"><div class=\"wp-block-group__inner-container is-layout-flow wp-block-group-is-layout-flow\">\n<h2 class=\"wp-block-heading\" id=\"workshop-erste-schritte-mit-dem-ipad\">Workshop <strong>Erste Schritte mit dem iPad<\/strong><\/h2>\n<\/div><\/div>\n\n\n\n<p class=\"has-black-color has-text-color has-medium-font-size wp-block-paragraph\"><strong><a rel=\"noreferrer noopener\" href=\"mailto:evangelia.frohn@kreis-badkreuznach.de\" target=\"_blank\">Termine auf Anfrage<\/a><\/strong>: <a href=\"mailto:bad-kreuznach@kmz.bildung-rp.de\">E-Mail an das Kreismedienzentrum<\/a><\/p>\n<\/div><\/div>\n\n\n\n<hr class=\"wp-block-separator has-text-color has-white-color has-css-opacity has-white-background-color has-background\"\/>\n\n\n\n<div class=\"wp-block-media-text alignfull is-stacked-on-mobile is-vertically-aligned-center is-image-fill\" style=\"grid-template-columns:24% auto\"><figure class=\"wp-block-media-text__media\" style=\"background-image:url(https:\/\/mz-badkreuznach.bildung-rp.de\/wp-content\/uploads\/2022\/02\/iPads-300x225.jpg);background-position:50% 50%\"><img data-recalc-dims=\"1\" loading=\"lazy\" decoding=\"async\" width=\"300\" height=\"225\" src=\"https:\/\/i0.wp.com\/mz-badkreuznach.bildung-rp.de\/wp-content\/uploads\/2022\/02\/iPads.jpg?resize=300%2C225&#038;ssl=1\" alt=\"\" class=\"wp-image-25107 size-medium\" srcset=\"https:\/\/i0.wp.com\/mz-badkreuznach.bildung-rp.de\/wp-content\/uploads\/2022\/02\/iPads.jpg?resize=300%2C225&amp;ssl=1 300w, https:\/\/i0.wp.com\/mz-badkreuznach.bildung-rp.de\/wp-content\/uploads\/2022\/02\/iPads.jpg?w=640&amp;ssl=1 640w\" sizes=\"auto, (max-width: 300px) 100vw, 300px\" \/><\/figure><div class=\"wp-block-media-text__content\">\n<div class=\"wp-block-group\"><div class=\"wp-block-group__inner-container is-layout-flow wp-block-group-is-layout-flow\">\n<p class=\"has-medium-font-size wp-block-paragraph\">Sie haben an Ihrer Einrichtung Sch\u00fcler-iPads oder ein iPad als Dienstger\u00e4t und kennen sich noch nicht damit aus? Sie w\u00fcrden gern ein bisschen Sicherheit im Umgang mit dem iPad gewinnen? Sie suchen Tipps zum iPad als Lehrerger\u00e4t? Dann sind Sie hier genau richtig.<\/p>\n\n\n\n<hr class=\"wp-block-separator has-text-color has-white-color has-css-opacity has-white-background-color has-background\"\/>\n\n\n\n<p class=\"has-medium-font-size wp-block-paragraph\"><span style=\"text-decoration: underline;\">Zielgruppe<\/span>: <br>Lehrerinnen und Lehrer an Grund- und weiterf\u00fchrenden Schulen<\/p>\n<\/div><\/div>\n<\/div><\/div>\n","protected":false},"excerpt":{"rendered":"<p>Wir bieten Ihnen 2 Koffer mit insgesamt 29 iPads f\u00fcr Ihren Unterricht zum Verleih an: Bitte melden Sie sich f\u00fcr die Ausleihe telefonisch unter 0671 &#8211; 803 1667 (1668) oder per Mail: E-Mail an das Kreismedienzentrum Workshop Erste Schritte mit dem iPad Termine auf Anfrage: E-Mail an das Kreismedienzentrum<\/p>\n","protected":false},"author":2,"featured_media":0,"parent":0,"menu_order":0,"comment_status":"closed","ping_status":"closed","template":"","meta":{"_crdt_document":"","footnotes":""},"class_list":["post-24671","page","type-page","status-publish","hentry","entry"],"jetpack_sharing_enabled":true,"_links":{"self":[{"href":"https:\/\/mz-badkreuznach.bildung-rp.de\/index.php?rest_route=\/wp\/v2\/pages\/24671","targetHints":{"allow":["GET"]}}],"collection":[{"href":"https:\/\/mz-badkreuznach.bildung-rp.de\/index.php?rest_route=\/wp\/v2\/pages"}],"about":[{"href":"https:\/\/mz-badkreuznach.bildung-rp.de\/index.php?rest_route=\/wp\/v2\/types\/page"}],"author":[{"embeddable":true,"href":"https:\/\/mz-badkreuznach.bildung-rp.de\/index.php?rest_route=\/wp\/v2\/users\/2"}],"replies":[{"embeddable":true,"href":"https:\/\/mz-badkreuznach.bildung-rp.de\/index.php?rest_route=%2Fwp%2Fv2%2Fcomments&post=24671"}],"version-history":[{"count":42,"href":"https:\/\/mz-badkreuznach.bildung-rp.de\/index.php?rest_route=\/wp\/v2\/pages\/24671\/revisions"}],"predecessor-version":[{"id":25835,"href":"https:\/\/mz-badkreuznach.bildung-rp.de\/index.php?rest_route=\/wp\/v2\/pages\/24671\/revisions\/25835"}],"wp:attachment":[{"href":"https:\/\/mz-badkreuznach.bildung-rp.de\/index.php?rest_route=%2Fwp%2Fv2%2Fmedia&parent=24671"}],"curies":[{"name":"wp","href":"https:\/\/api.w.org\/{rel}","templated":true}]}}