{"id":24927,"date":"2022-03-02T13:51:46","date_gmt":"2022-03-02T12:51:46","guid":{"rendered":"http:\/\/mz-badkreuznach.bildung-rp.de\/?page_id=24927"},"modified":"2024-06-20T11:26:30","modified_gmt":"2024-06-20T09:26:30","slug":"lego-spike-bewegt","status":"publish","type":"page","link":"https:\/\/mz-badkreuznach.bildung-rp.de\/?page_id=24927","title":{"rendered":"LEGO Spike bewegt!"},"content":{"rendered":"\n<p class=\"has-white-color has-text-color has-background has-medium-font-size wp-block-paragraph\" style=\"background-color:#1f8de0;font-style:normal;font-weight:600\">Mit LEGO Spike Essential (Klassen 1-4) und LEGO Spike Prime (ab Klasse 5) k\u00f6nnen Sie nicht nur MINT-F\u00e4higkeiten schulen\u2026<\/p>\n\n\n\n<p class=\"wp-block-paragraph\"><\/p>\n\n\n\n<figure class=\"wp-block-gallery has-nested-images columns-default is-cropped wp-block-gallery-2 is-layout-flex wp-block-gallery-is-layout-flex\">\n<figure class=\"wp-block-image size-large\"><img data-recalc-dims=\"1\" loading=\"lazy\" decoding=\"async\" width=\"640\" height=\"480\" data-id=\"25079\" src=\"https:\/\/i0.wp.com\/mz-badkreuznach.bildung-rp.de\/wp-content\/uploads\/2022\/02\/Lego-GS.jpg?resize=640%2C480&#038;ssl=1\" alt=\"\" class=\"wp-image-25079\" srcset=\"https:\/\/i0.wp.com\/mz-badkreuznach.bildung-rp.de\/wp-content\/uploads\/2022\/02\/Lego-GS.jpg?w=640&amp;ssl=1 640w, https:\/\/i0.wp.com\/mz-badkreuznach.bildung-rp.de\/wp-content\/uploads\/2022\/02\/Lego-GS.jpg?resize=300%2C225&amp;ssl=1 300w\" sizes=\"auto, (max-width: 640px) 100vw, 640px\" \/><figcaption class=\"wp-element-caption\">Lego Spike ESSENTIAL (f\u00fcr Grundschule)<\/figcaption><\/figure>\n\n\n\n<figure class=\"wp-block-image size-large\"><img data-recalc-dims=\"1\" loading=\"lazy\" decoding=\"async\" width=\"542\" height=\"503\" data-id=\"25033\" src=\"https:\/\/i0.wp.com\/mz-badkreuznach.bildung-rp.de\/wp-content\/uploads\/2022\/02\/IMG_2938-edited-e1644926903816.jpg?resize=542%2C503&#038;ssl=1\" alt=\"\" class=\"wp-image-25033\"\/><figcaption class=\"wp-element-caption\">Lego Spike PRIME (f\u00fcr Sekundarstufe)<\/figcaption><\/figure>\n<\/figure>\n\n\n\n<p class=\"wp-block-paragraph\"><\/p>\n\n\n\n<p class=\"has-medium-font-size wp-block-paragraph\"><strong>Lego Spike<\/strong> weckt bei Sch\u00fclerinnen und Sch\u00fclern das Interesse, MINT-Themen mit den eigenen H\u00e4nden zu entdecken. Dieses spielerische, auf Geschichten basierende Lernerlebnis ist Teil des LEGO&nbsp;Lernsystems. Es regt Sch\u00fclerinnen und Sch\u00fcler dazu an, MINT-Konzepte zu erforschen und gleichzeitig ihre sprachlichen, mathematischen sowie sozialen und emotionalen F\u00e4higkeiten weiterzuentwickeln. <\/p>\n\n\n\n<p class=\"has-medium-font-size wp-block-paragraph\">Das Lernkonzept vereint farbenfrohe LEGO Bauelemente mit einer intuitiven, kindgerechten Drag- &amp; Drop-Software. Spielerisch, aber entlang von Lernzielen der Lehrpl\u00e4ne kann jeder Lernende auch ohne Vorkenntnisse mit viel Spa\u00df realit\u00e4tsbezogene Aufgaben erarbeiten. <br><br><strong>Links:<\/strong><br><a rel=\"noreferrer noopener\" href=\"https:\/\/education.lego.com\/de-de\/\" target=\"_blank\">Vorstellung des LEGO Lern-Systems<\/a> <br><a rel=\"noreferrer noopener\" href=\"https:\/\/www.youtube.com\/watch?v=IcCj202Tp9s\" target=\"_blank\">Lego Spike in Aktion<\/a> (youtube-Link)<br><a href=\"https:\/\/www.youtube.com\/watch?v=PqnBgQmOyS0&amp;list=PLXNn7QnqlNpie_QehRAMqCBfxV97RFcs3\">Lego Spike Break Dance<\/a><\/p>\n\n\n\n<hr class=\"wp-block-separator has-css-opacity is-style-dots\"\/>\n\n\n\n<p class=\"has-medium-font-size wp-block-paragraph\"><strong>Beide Sets k\u00f6nnen <span style=\"text-decoration: underline;\">im Klassensatz<\/span> f\u00fcr den Unterricht bei uns ausgeliehen werden. Gerne kommen wir auch im Rahmen der &#8222;Medien-aktiv!&#8220;-Stunde mit den Roboter-Sets zu Ihnen in die Schule. <\/strong><\/p>\n\n\n\n<p class=\"wp-block-paragraph\"><\/p>\n","protected":false},"excerpt":{"rendered":"<p>Mit LEGO Spike Essential (Klassen 1-4) und LEGO Spike Prime (ab Klasse 5) k\u00f6nnen Sie nicht nur MINT-F\u00e4higkeiten schulen\u2026 Lego Spike weckt bei Sch\u00fclerinnen und Sch\u00fclern das Interesse, MINT-Themen mit den eigenen H\u00e4nden zu entdecken. Dieses spielerische, auf Geschichten basierende Lernerlebnis ist Teil des LEGO&nbsp;Lernsystems. Es regt Sch\u00fclerinnen und Sch\u00fcler dazu an, MINT-Konzepte zu erforschen [&hellip;]<\/p>\n","protected":false},"author":2,"featured_media":0,"parent":0,"menu_order":0,"comment_status":"closed","ping_status":"closed","template":"","meta":{"_crdt_document":"","footnotes":""},"class_list":["post-24927","page","type-page","status-publish","hentry","entry"],"jetpack_sharing_enabled":true,"_links":{"self":[{"href":"https:\/\/mz-badkreuznach.bildung-rp.de\/index.php?rest_route=\/wp\/v2\/pages\/24927","targetHints":{"allow":["GET"]}}],"collection":[{"href":"https:\/\/mz-badkreuznach.bildung-rp.de\/index.php?rest_route=\/wp\/v2\/pages"}],"about":[{"href":"https:\/\/mz-badkreuznach.bildung-rp.de\/index.php?rest_route=\/wp\/v2\/types\/page"}],"author":[{"embeddable":true,"href":"https:\/\/mz-badkreuznach.bildung-rp.de\/index.php?rest_route=\/wp\/v2\/users\/2"}],"replies":[{"embeddable":true,"href":"https:\/\/mz-badkreuznach.bildung-rp.de\/index.php?rest_route=%2Fwp%2Fv2%2Fcomments&post=24927"}],"version-history":[{"count":60,"href":"https:\/\/mz-badkreuznach.bildung-rp.de\/index.php?rest_route=\/wp\/v2\/pages\/24927\/revisions"}],"predecessor-version":[{"id":26393,"href":"https:\/\/mz-badkreuznach.bildung-rp.de\/index.php?rest_route=\/wp\/v2\/pages\/24927\/revisions\/26393"}],"wp:attachment":[{"href":"https:\/\/mz-badkreuznach.bildung-rp.de\/index.php?rest_route=%2Fwp%2Fv2%2Fmedia&parent=24927"}],"curies":[{"name":"wp","href":"https:\/\/api.w.org\/{rel}","templated":true}]}}