{"id":25093,"date":"2022-02-18T11:59:39","date_gmt":"2022-02-18T10:59:39","guid":{"rendered":"http:\/\/mz-badkreuznach.bildung-rp.de\/?page_id=25093"},"modified":"2023-04-20T09:42:55","modified_gmt":"2023-04-20T07:42:55","slug":"drohnen","status":"publish","type":"page","link":"https:\/\/mz-badkreuznach.bildung-rp.de\/?page_id=25093","title":{"rendered":"Drohnen"},"content":{"rendered":"\n<h1 class=\"wp-block-heading\" id=\"programmierbare-drohnen-tello-edu-und-parrot-mambo-ausleihbar\">Programmierbare Drohnen: Tello EDU und Parrot Mambo (ausleihbar)<\/h1>\n\n\n\n<h2 class=\"wp-block-heading\">Workshops: <strong>Termine auf Anfrage<\/strong>: <a href=\"mailto:bad-kreuznach@kmz.bildung-rp.de\">E-Mail an das Kreismedienzentrum<\/a><\/h2>\n\n\n\n<section id=\"section-60e9cff1-2612-4401-9800-3b5f7832d776\" class=\"wp-block-gutentor-divider section-60e9cff1-2612-4401-9800-3b5f7832d776 gutentor-element gutentor-section gutentor-divider text-center\"><div class=\"grid-container\"><div class=\"gutentor-divider-box\"><span><svg xmlns=\"http:\/\/www.w3.org\/2000\/svg\" viewBox=\"0 0 240 40\" preserveAspectRatio=\"none\"><path d=\"M56.2 20c5.3-.1 10.6-.2 16-.3l16-.2c10.6-.1 21.3-.1 31.9-.2 10.6.1 21.3 0 31.9.1l16 .2c5.3.1 10.6.2 16 .3-5.3.1-10.6.2-16 .3l-16 .2c-10.6.1-21.3.1-31.9.1-10.6-.1-21.3 0-31.9-.2l-16-.2c-5.4.1-10.7 0-16-.1z\"><\/path><\/svg><\/span><\/div><\/div><\/section>\n\n\n\n<figure class=\"wp-block-gallery alignwide has-nested-images columns-default is-cropped wp-block-gallery-2 is-layout-flex wp-block-gallery-is-layout-flex\">\n<figure class=\"wp-block-image size-full is-style-default\"><img data-recalc-dims=\"1\" loading=\"lazy\" decoding=\"async\" width=\"640\" height=\"522\" data-id=\"25080\" src=\"https:\/\/i0.wp.com\/mz-badkreuznach.bildung-rp.de\/wp-content\/uploads\/2022\/02\/Drohne-Tello-EDU.jpg?resize=640%2C522&#038;ssl=1\" alt=\"Drohne Tello EDU\" class=\"wp-image-25080\" srcset=\"https:\/\/i0.wp.com\/mz-badkreuznach.bildung-rp.de\/wp-content\/uploads\/2022\/02\/Drohne-Tello-EDU.jpg?w=640&amp;ssl=1 640w, https:\/\/i0.wp.com\/mz-badkreuznach.bildung-rp.de\/wp-content\/uploads\/2022\/02\/Drohne-Tello-EDU.jpg?resize=300%2C245&amp;ssl=1 300w\" sizes=\"auto, (max-width: 640px) 100vw, 640px\" \/><figcaption class=\"wp-element-caption\">Drohne Tello Edu. Foto: privat<\/figcaption><\/figure>\n\n\n\n<figure class=\"wp-block-image size-large\"><img data-recalc-dims=\"1\" loading=\"lazy\" decoding=\"async\" width=\"1024\" height=\"765\" data-id=\"2340\" src=\"https:\/\/i0.wp.com\/mz-badkreuznach.bildung-rp.de\/wp-content\/uploads\/2020\/03\/IMG_0003.jpg?resize=1024%2C765&#038;ssl=1\" alt=\"Drohne Parrot &quot;Mambo&quot;\" class=\"wp-image-2340\" srcset=\"https:\/\/i0.wp.com\/mz-badkreuznach.bildung-rp.de\/wp-content\/uploads\/2020\/03\/IMG_0003-rotated.jpg?resize=1024%2C765&amp;ssl=1 1024w, https:\/\/i0.wp.com\/mz-badkreuznach.bildung-rp.de\/wp-content\/uploads\/2020\/03\/IMG_0003-rotated.jpg?resize=300%2C224&amp;ssl=1 300w, https:\/\/i0.wp.com\/mz-badkreuznach.bildung-rp.de\/wp-content\/uploads\/2020\/03\/IMG_0003-rotated.jpg?resize=768%2C574&amp;ssl=1 768w, https:\/\/i0.wp.com\/mz-badkreuznach.bildung-rp.de\/wp-content\/uploads\/2020\/03\/IMG_0003-rotated.jpg?w=1296&amp;ssl=1 1296w\" sizes=\"auto, (max-width: 1024px) 100vw, 1024px\" \/><figcaption class=\"wp-element-caption\">Drohne Parrot Mambo. Foto: privat<\/figcaption><\/figure>\n<\/figure>\n\n\n\n<div class=\"wp-block-group is-nowrap is-layout-flex wp-container-core-group-is-layout-8f761849 wp-block-group-is-layout-flex\">\n<section id=\"section-8c7be34b-843f-4a0a-ba73-067509e76bea\" class=\"wp-block-gutentor-divider section-8c7be34b-843f-4a0a-ba73-067509e76bea gutentor-element gutentor-section gutentor-divider text-center\"><div class=\"grid-container\"><div class=\"gutentor-divider-box\"><span><svg xmlns=\"http:\/\/www.w3.org\/2000\/svg\" viewBox=\"0 0 240 40\" preserveAspectRatio=\"none\"><path d=\"M56.2 20c5.3-.1 10.6-.2 16-.3l16-.2c10.6-.1 21.3-.1 31.9-.2 10.6.1 21.3 0 31.9.1l16 .2c5.3.1 10.6.2 16 .3-5.3.1-10.6.2-16 .3l-16 .2c-10.6.1-21.3.1-31.9.1-10.6-.1-21.3 0-31.9-.2l-16-.2c-5.4.1-10.7 0-16-.1z\"><\/path><\/svg><\/span><\/div><\/div><\/section>\n<\/div>\n\n\n\n<div id=\"section-g3433c9\" class=\"wp-block-gutentor-e0 section-g3433c9 gutentor-element gutentor-element-advanced-text\"><div class=\"gutentor-text-wrap\"><p class=\"gutentor-text\"><strong>Ein echter \u201eKnaller\u201c mit enormem Motivationsfaktor \u2013 nicht nur f\u00fcr MINT-F\u00e4cher: programmierbare Mini-Drohnen \u201eTello EDUcation\u201c und Parrot Mambo<\/strong>.<br>&nbsp;<br>Empfohlen ab Klasse 9. F\u00fcr Partnerarbeit oder Arbeit in Kleingruppen, <strong>bei uns ausleihbar<\/strong>.<br><br>Mit der Tello-Edu kann man tolle Saltos \u00fcber \u201eMission Pads\u201c ausf\u00fchren oder andere Kunstst\u00fccke programmieren. Spielend einfach &#8211; und ohne Vorkenntnisse &#8211; lassen sich Programmiersprachen wie Scratch, Swift oder Python ganz unmittelbar anwenden, Spa\u00df und Spannung garantiert!<br><br><strong>Programmieren kinderleicht:<\/strong><br>Die Tello EDU beherrscht z.B. Block-Programmierung: Man setzt einfach die vorgegebenen Programmierbl\u00f6cke auf dem Bildschirm hintereinandert. Die spannende Tello Weltraumreise zeigt Schritt f\u00fcr Schritt, wie man z.B. Swift-Programmierung auf einem iPad verwendet &#8211; und das alles mit einer aufregenden Geschichte im Weltraum. Schnell und einfach lassen sich dann eigene \u201eMissionen\u201c entwickeln\u2026<br><br><strong>Lernziele:<\/strong><br>Analysieren von Problemen, Modellieren und Gestalten von L\u00f6sungen<br>Grundverst\u00e4ndnis f\u00fcr logisches Denken und prozessorientierte Programmieren<br>Sprachliche, mathematische, soziale F\u00e4higkeiten weiterentwickeln<br>Team- und Pr\u00e4sentationsf\u00e4higkeit f\u00f6rdern<br>\u2026<br><br><strong>Video-Links:<\/strong><br><a rel=\"noreferrer noopener\" href=\"https:\/\/www.youtube.com\/watch?v=FVYxxHn8R-k\" target=\"_blank\">https:\/\/www.youtube.com\/watch?v=FVYxxHn8R-k<\/a><br><a href=\"https:\/\/www.youtube.com\/watch?v=Ma5XgFe9SSQ\" data-type=\"URL\" data-id=\"https:\/\/www.youtube.com\/watch?v=Ma5XgFe9SSQ\">https:\/\/www.youtube.com\/watch?v=Ma5XgFe9SSQ<\/a><br><br><\/p><\/div><\/div>\n","protected":false},"excerpt":{"rendered":"<p>Programmierbare Drohnen: Tello EDU und Parrot Mambo (ausleihbar) Workshops: Termine auf Anfrage: E-Mail an das Kreismedienzentrum<\/p>\n","protected":false},"author":2,"featured_media":0,"parent":0,"menu_order":0,"comment_status":"closed","ping_status":"closed","template":"","meta":{"_crdt_document":"","footnotes":""},"class_list":["post-25093","page","type-page","status-publish","hentry","entry"],"jetpack_sharing_enabled":true,"_links":{"self":[{"href":"https:\/\/mz-badkreuznach.bildung-rp.de\/index.php?rest_route=\/wp\/v2\/pages\/25093","targetHints":{"allow":["GET"]}}],"collection":[{"href":"https:\/\/mz-badkreuznach.bildung-rp.de\/index.php?rest_route=\/wp\/v2\/pages"}],"about":[{"href":"https:\/\/mz-badkreuznach.bildung-rp.de\/index.php?rest_route=\/wp\/v2\/types\/page"}],"author":[{"embeddable":true,"href":"https:\/\/mz-badkreuznach.bildung-rp.de\/index.php?rest_route=\/wp\/v2\/users\/2"}],"replies":[{"embeddable":true,"href":"https:\/\/mz-badkreuznach.bildung-rp.de\/index.php?rest_route=%2Fwp%2Fv2%2Fcomments&post=25093"}],"version-history":[{"count":28,"href":"https:\/\/mz-badkreuznach.bildung-rp.de\/index.php?rest_route=\/wp\/v2\/pages\/25093\/revisions"}],"predecessor-version":[{"id":25832,"href":"https:\/\/mz-badkreuznach.bildung-rp.de\/index.php?rest_route=\/wp\/v2\/pages\/25093\/revisions\/25832"}],"wp:attachment":[{"href":"https:\/\/mz-badkreuznach.bildung-rp.de\/index.php?rest_route=%2Fwp%2Fv2%2Fmedia&parent=25093"}],"curies":[{"name":"wp","href":"https:\/\/api.w.org\/{rel}","templated":true}]}}