{"id":25591,"date":"2022-09-23T09:46:59","date_gmt":"2022-09-23T07:46:59","guid":{"rendered":"http:\/\/mz-badkreuznach.bildung-rp.de\/?page_id=25591"},"modified":"2025-12-05T09:49:49","modified_gmt":"2025-12-05T08:49:49","slug":"medien-aktiv-stunde","status":"publish","type":"page","link":"https:\/\/mz-badkreuznach.bildung-rp.de\/?page_id=25591","title":{"rendered":"Medien aktiv! &#8211; Stunde"},"content":{"rendered":"\n<div class=\"wp-block-media-text is-stacked-on-mobile\"><figure class=\"wp-block-media-text__media\"><video controls src=\"https:\/\/mz-badkreuznach.bildung-rp.de\/wp-content\/uploads\/2022\/09\/Medien-aktiv-Stunde.mp4\"><\/video><\/figure><div class=\"wp-block-media-text__content\">\n<p class=\"has-medium-font-size wp-block-paragraph\">Wir kommen <strong>KOSTENLOS<\/strong> zu Ihnen in den Unterricht!<\/p>\n\n\n\n<p class=\"has-small-font-size wp-block-paragraph\"><\/p>\n\n\n\n<p class=\"has-medium-font-size wp-block-paragraph\"><strong>Technische Voraussetzungen:<\/strong><\/p>\n\n\n\n<p class=\"wp-block-paragraph\" style=\"font-size:15px\"> Performantes WLAN<\/p>\n\n\n\n<p class=\"wp-block-paragraph\" style=\"font-size:15px\">Beamer mit HDMI-Anschluss oder digitale Tafel<\/p>\n\n\n\n<p class=\"has-small-font-size wp-block-paragraph\"><\/p>\n<\/div><\/div>\n\n\n\n<section id=\"section-g-u1th5v4\" class=\"wp-block-gutentor-divider section-g-u1th5v4 gutentor-element gutentor-section gutentor-divider text-center\"><div class=\"grid-container\"><div class=\"gutentor-divider-box\"><span><svg xmlns=\"http:\/\/www.w3.org\/2000\/svg\" viewBox=\"0 0 240 40\" preserveAspectRatio=\"none\"><path d=\"M56.2 20c5.3-.1 10.6-.2 16-.3l16-.2c10.6-.1 21.3-.1 31.9-.2 10.6.1 21.3 0 31.9.1l16 .2c5.3.1 10.6.2 16 .3-5.3.1-10.6.2-16 .3l-16 .2c-10.6.1-21.3.1-31.9.1-10.6-.1-21.3 0-31.9-.2l-16-.2c-5.4.1-10.7 0-16-.1z\"><\/path><\/svg><\/span><\/div><\/div><\/section>\n\n\n\n<p class=\"has-medium-font-size wp-block-paragraph\"><strong>M\u00f6gliche Themen f\u00fcr die &#8222;Medien aktiv!&#8220; &#8211; Stunde: W\u00e4hlen Sie einen Baustein aus!<\/strong><\/p>\n\n\n\n<h2 class=\"wp-block-heading\" style=\"font-size:22px\"><strong>A) Schwerpunkt \u201eMINT\u201c:<\/strong><\/h2>\n\n\n\n<ul style=\"text-transform:none\" class=\"wp-block-list\">\n<li class=\"has-small-font-size\"><a href=\"https:\/\/mz-badkreuznach.bildung-rp.de\/?page_id=24927\">LEGO Spike<\/a> (Klasse 1-8)<\/li>\n\n\n\n<li class=\"has-small-font-size\">Programmierbare <a href=\"https:\/\/mz-badkreuznach.bildung-rp.de\/?page_id=25093\">Drohne<\/a> (ab Klasse 8)<\/li>\n\n\n\n<li class=\"has-small-font-size\">IT2School (ab Klasse 5)<\/li>\n\n\n\n<li class=\"has-small-font-size\"><a href=\"https:\/\/mz-badkreuznach.bildung-rp.de\/?page_id=960\" target=\"_blank\" rel=\"noreferrer noopener\">Calliope mini<\/a> (ab Klasse 3)<\/li>\n\n\n\n<li class=\"has-small-font-size\"><a href=\"https:\/\/mz-badkreuznach.bildung-rp.de\/?page_id=26188\" target=\"_blank\" rel=\"noreferrer noopener\">Cubetto <\/a>(Elementarbereich und Klasse 1-2)<\/li>\n\n\n\n<li class=\"has-small-font-size\"><a href=\"https:\/\/mz-badkreuznach.bildung-rp.de\/?page_id=26182\" target=\"_blank\" rel=\"noreferrer noopener\">Blue-Bot<\/a> (ab Klasse 1)<\/li>\n\n\n\n<li class=\"has-small-font-size\"><a href=\"https:\/\/mz-badkreuznach.bildung-rp.de\/?page_id=26172\" target=\"_blank\" rel=\"noreferrer noopener\">VEX 123<\/a> (ab Klasse 2-3)<\/li>\n<\/ul>\n\n\n\n<h2 class=\"wp-block-heading\" style=\"font-size:22px\"><strong>B) Schwerpunkt \u201eMEDIEN\u201c:<\/strong><\/h2>\n\n\n\n<ul class=\"wp-block-list\">\n<li class=\"has-small-font-size\">Mit GreenScreen arbeiten (z.B. f\u00fcr Nachrichtensendungen)<\/li>\n\n\n\n<li class=\"has-small-font-size\">StopMotion-Filme und Erkl\u00e4rvideos erstellen<\/li>\n\n\n\n<li class=\"has-small-font-size\">Mit iMovie Videos erstellen und bearbeiten<\/li>\n\n\n\n<li class=\"has-small-font-size\">H\u00f6rspiele und Podcasts mit der App GarageBand erstellen<\/li>\n<\/ul>\n\n\n\n<p class=\"wp-block-paragraph\"><\/p>\n\n\n\n\n","protected":false},"excerpt":{"rendered":"<p>Wir kommen KOSTENLOS zu Ihnen in den Unterricht! Technische Voraussetzungen: Performantes WLAN Beamer mit HDMI-Anschluss oder digitale Tafel M\u00f6gliche Themen f\u00fcr die &#8222;Medien aktiv!&#8220; &#8211; Stunde: W\u00e4hlen Sie einen Baustein aus! A) Schwerpunkt \u201eMINT\u201c: B) Schwerpunkt \u201eMEDIEN\u201c:<\/p>\n","protected":false},"author":2,"featured_media":0,"parent":0,"menu_order":0,"comment_status":"closed","ping_status":"closed","template":"","meta":{"_crdt_document":"","footnotes":""},"class_list":["post-25591","page","type-page","status-publish","hentry","entry"],"jetpack_sharing_enabled":true,"_links":{"self":[{"href":"https:\/\/mz-badkreuznach.bildung-rp.de\/index.php?rest_route=\/wp\/v2\/pages\/25591","targetHints":{"allow":["GET"]}}],"collection":[{"href":"https:\/\/mz-badkreuznach.bildung-rp.de\/index.php?rest_route=\/wp\/v2\/pages"}],"about":[{"href":"https:\/\/mz-badkreuznach.bildung-rp.de\/index.php?rest_route=\/wp\/v2\/types\/page"}],"author":[{"embeddable":true,"href":"https:\/\/mz-badkreuznach.bildung-rp.de\/index.php?rest_route=\/wp\/v2\/users\/2"}],"replies":[{"embeddable":true,"href":"https:\/\/mz-badkreuznach.bildung-rp.de\/index.php?rest_route=%2Fwp%2Fv2%2Fcomments&post=25591"}],"version-history":[{"count":38,"href":"https:\/\/mz-badkreuznach.bildung-rp.de\/index.php?rest_route=\/wp\/v2\/pages\/25591\/revisions"}],"predecessor-version":[{"id":27083,"href":"https:\/\/mz-badkreuznach.bildung-rp.de\/index.php?rest_route=\/wp\/v2\/pages\/25591\/revisions\/27083"}],"wp:attachment":[{"href":"https:\/\/mz-badkreuznach.bildung-rp.de\/index.php?rest_route=%2Fwp%2Fv2%2Fmedia&parent=25591"}],"curies":[{"name":"wp","href":"https:\/\/api.w.org\/{rel}","templated":true}]}}