{"id":25975,"date":"2023-07-12T09:08:04","date_gmt":"2023-07-12T07:08:04","guid":{"rendered":"https:\/\/mz-badkreuznach.bildung-rp.de\/?page_id=25975"},"modified":"2025-07-09T09:28:42","modified_gmt":"2025-07-09T07:28:42","slug":"energieparcours-fuer-grundschulen","status":"publish","type":"page","link":"https:\/\/mz-badkreuznach.bildung-rp.de\/?page_id=25975","title":{"rendered":"Energie-Parcours f\u00fcr Grundschulen"},"content":{"rendered":"\n<h1 class=\"wp-block-heading has-text-color\" style=\"color:#0386b9;font-size:26px\"><strong>Grundschulbox \u201eEnergie-Parcours\u201c &#8211; \u00a0Sonne, Wind und Wasser forschend entdecken<\/strong><\/h1>\n\n\n\n<section id=\"section-a1bce7b6-eac1-4e91-aca8-8897b100d080\" class=\"wp-block-gutentor-divider section-a1bce7b6-eac1-4e91-aca8-8897b100d080 gutentor-element gutentor-section gutentor-divider text-center\"><div class=\"grid-container\"><div class=\"gutentor-divider-box\"><span><svg xmlns=\"http:\/\/www.w3.org\/2000\/svg\" viewBox=\"0 0 240 40\" preserveAspectRatio=\"none\"><path d=\"M56.2 20c5.3-.1 10.6-.2 16-.3l16-.2c10.6-.1 21.3-.1 31.9-.2 10.6.1 21.3 0 31.9.1l16 .2c5.3.1 10.6.2 16 .3-5.3.1-10.6.2-16 .3l-16 .2c-10.6.1-21.3.1-31.9.1-10.6-.1-21.3 0-31.9-.2l-16-.2c-5.4.1-10.7 0-16-.1z\"><\/path><\/svg><\/span><\/div><\/div><\/section>\n\n\n\n<div class=\"wp-block-media-text alignfull is-stacked-on-mobile is-vertically-aligned-top is-image-fill\"><figure class=\"wp-block-media-text__media\" style=\"background-image:url(https:\/\/mz-badkreuznach.bildung-rp.de\/wp-content\/uploads\/2023\/07\/Energie-Parcours-Inhalt-683x1024.jpg);background-position:50% 50%\"><img data-recalc-dims=\"1\" loading=\"lazy\" decoding=\"async\" width=\"683\" height=\"1024\" src=\"https:\/\/i0.wp.com\/mz-badkreuznach.bildung-rp.de\/wp-content\/uploads\/2023\/07\/Energie-Parcours-Inhalt.jpg?resize=683%2C1024&#038;ssl=1\" alt=\"Energieparcours des VRD f\u00fcr Grundschulen - Foto: copyright VRD Stiftung f\u00fcr Erneuerbare Energien\" class=\"wp-image-25968 size-full\" srcset=\"https:\/\/i0.wp.com\/mz-badkreuznach.bildung-rp.de\/wp-content\/uploads\/2023\/07\/Energie-Parcours-Inhalt.jpg?resize=683%2C1024&amp;ssl=1 683w, https:\/\/i0.wp.com\/mz-badkreuznach.bildung-rp.de\/wp-content\/uploads\/2023\/07\/Energie-Parcours-Inhalt.jpg?resize=200%2C300&amp;ssl=1 200w, https:\/\/i0.wp.com\/mz-badkreuznach.bildung-rp.de\/wp-content\/uploads\/2023\/07\/Energie-Parcours-Inhalt.jpg?resize=768%2C1151&amp;ssl=1 768w, https:\/\/i0.wp.com\/mz-badkreuznach.bildung-rp.de\/wp-content\/uploads\/2023\/07\/Energie-Parcours-Inhalt.jpg?resize=1025%2C1536&amp;ssl=1 1025w, https:\/\/i0.wp.com\/mz-badkreuznach.bildung-rp.de\/wp-content\/uploads\/2023\/07\/Energie-Parcours-Inhalt.jpg?resize=1366%2C2048&amp;ssl=1 1366w, https:\/\/i0.wp.com\/mz-badkreuznach.bildung-rp.de\/wp-content\/uploads\/2023\/07\/Energie-Parcours-Inhalt.jpg?w=1633&amp;ssl=1 1633w\" sizes=\"auto, (max-width: 683px) 100vw, 683px\" \/><\/figure><div class=\"wp-block-media-text__content\">\n<p class=\"has-medium-font-size wp-block-paragraph\">In Kooperation mit der P\u00e4dagogischen Hochschule Heidelberg (PH HD) und der Deutschen Bundesstiftung Umwelt (DBU) hat die gemeinn\u00fctzige und unabh\u00e4ngige VRD Stiftung f\u00fcr Erneuerbare Energien eine Experimentierbox \u201eEnergie-Parcours\u201c mit f\u00fcnf Stationen zu den Themen Sonnenw\u00e4rme, Sonnenstrom, Windkraft, Wasserkraft und Energiesparen entwickelt, die sich f\u00fcr den forschend-entdeckenden Grundschulunterricht vor allem in Klasse 3 und 4 eignet. Die Experimente k\u00f6nnen mit grundlegenden Begriffen zum Thema erneuerbare Energie erg\u00e4nzt und im Sachunterricht oder als extracurriculares Projekt durchgef\u00fchrt werden.\u00a0 Eine Lehrerhandreichung mit zus\u00e4tzlichen Informationen auf einem Speichermedium, Forscherhefte in Klassensatzgr\u00f6\u00dfe und ein Selbsttest \u201eEnergie\u201c erg\u00e4nzen das abwechslungsreich gestaltete Unterrichtsmaterial. Die Aufgaben im Forscherheft beziehen sich auf die einzelnen Stationen des Energie-Parcours` und k\u00f6nnen durch im Heft vorhandene &#8222;Expertenaufgaben&#8220;, R\u00e4tsel und Ausmalbilder zum Thema Energie erweitert werden. Energie anders erleben ist das Motto des Kinderbuches der VRD Stiftung mit Lieder- und H\u00f6rbuch-CD, das einen emotionalen Zugang zum Thema erneuerbare Energie erm\u00f6glicht und auch Bestandteil der Grundschulbox ist.<\/p>\n\n\n\n<section id=\"section-6ecf13ee-bfd0-4813-943f-25aa6357d5df\" class=\"wp-block-gutentor-divider section-6ecf13ee-bfd0-4813-943f-25aa6357d5df gutentor-element gutentor-section gutentor-divider text-center\"><div class=\"grid-container\"><div class=\"gutentor-divider-box\"><span><svg xmlns=\"http:\/\/www.w3.org\/2000\/svg\" viewBox=\"0 0 240 40\" preserveAspectRatio=\"none\"><path d=\"M56.2 20c5.3-.1 10.6-.2 16-.3l16-.2c10.6-.1 21.3-.1 31.9-.2 10.6.1 21.3 0 31.9.1l16 .2c5.3.1 10.6.2 16 .3-5.3.1-10.6.2-16 .3l-16 .2c-10.6.1-21.3.1-31.9.1-10.6-.1-21.3 0-31.9-.2l-16-.2c-5.4.1-10.7 0-16-.1z\"><\/path><\/svg><\/span><\/div><\/div><\/section>\n\n\n\n<p class=\"has-small-font-size wp-block-paragraph\"><strong>Schulung<\/strong> zur <strong>Grundschulbox \u201eEnergie-Parcours\u201c &#8211; \u00a0Sonne, Wind und Wasser forschend entdecken<\/strong><\/p>\n\n\n\n<p class=\"has-small-font-size wp-block-paragraph\"><\/p>\n\n\n\n<p class=\"has-small-font-size wp-block-paragraph\"><em>Eine ca. einst\u00fcndige Fortbildung zur Handhabung des Experimentiermaterials im Grundschulunterricht kann auf Wunsch entweder vor Ort direkt an Ihrer Schule oder Online erfolgen. Interessierte Lehrkr\u00e4fte melden sich bitte mit Terminwunsch bei Frau Dr. Sabine Me\u00dfmer-Luz, VRD Stiftung f\u00fcr Erneuerbare Energien unter Telefonnummer 06221-395 390 oder per E-Mail: <a href=\"mailto:projektmanagement@vrd-stiftung.org\">projektmanagement@vrd-stiftung.org<\/a><\/em><\/p>\n<\/div><\/div>\n\n\n\n<p class=\"wp-block-paragraph\">Energieparcours des VRD f\u00fcr Grundschulen &#8211; Foto: copyright VRD Stiftung f\u00fcr Erneuerbare Energien<\/p>\n\n\n\n<section id=\"section-4c161e39-02fa-499d-9e0d-d5fd5e0c68bf\" class=\"wp-block-gutentor-divider section-4c161e39-02fa-499d-9e0d-d5fd5e0c68bf gutentor-element gutentor-section gutentor-divider text-center\"><div class=\"grid-container\"><div class=\"gutentor-divider-box\"><span><svg xmlns=\"http:\/\/www.w3.org\/2000\/svg\" viewBox=\"0 0 240 40\" preserveAspectRatio=\"none\"><path d=\"M56.2 20c5.3-.1 10.6-.2 16-.3l16-.2c10.6-.1 21.3-.1 31.9-.2 10.6.1 21.3 0 31.9.1l16 .2c5.3.1 10.6.2 16 .3-5.3.1-10.6.2-16 .3l-16 .2c-10.6.1-21.3.1-31.9.1-10.6-.1-21.3 0-31.9-.2l-16-.2c-5.4.1-10.7 0-16-.1z\"><\/path><\/svg><\/span><\/div><\/div><\/section>\n\n\n\n<div class=\"wp-block-buttons is-layout-flex wp-block-buttons-is-layout-flex\">\n<div class=\"wp-block-button\"><a class=\"wp-block-button__link has-white-color has-midnight-gradient-background has-text-color has-background wp-element-button\" href=\"https:\/\/mz-badkreuznach.bildung-rp.de\/wp-content\/uploads\/2023\/07\/Infoblatt-Grundschulbox.pdf\">Infoblatt Grundschule<\/a><\/div>\n\n\n\n<div class=\"wp-block-button\"><a class=\"wp-block-button__link has-white-color has-midnight-gradient-background has-text-color has-background wp-element-button\" href=\"https:\/\/mz-badkreuznach.bildung-rp.de\/wp-content\/uploads\/2023\/07\/Flyer-Rennmaus-FINAL.pdf\">Flyer Rennmaus<\/a><\/div>\n<\/div>\n\n\n\n<section id=\"section-dd7f10a9-09d3-47f5-bc46-383192f681f2\" class=\"wp-block-gutentor-divider section-dd7f10a9-09d3-47f5-bc46-383192f681f2 gutentor-element gutentor-section gutentor-divider text-center\"><div class=\"grid-container\"><div class=\"gutentor-divider-box\"><span><svg xmlns=\"http:\/\/www.w3.org\/2000\/svg\" viewBox=\"0 0 240 40\" preserveAspectRatio=\"none\"><path d=\"M56.2 20c5.3-.1 10.6-.2 16-.3l16-.2c10.6-.1 21.3-.1 31.9-.2 10.6.1 21.3 0 31.9.1l16 .2c5.3.1 10.6.2 16 .3-5.3.1-10.6.2-16 .3l-16 .2c-10.6.1-21.3.1-31.9.1-10.6-.1-21.3 0-31.9-.2l-16-.2c-5.4.1-10.7 0-16-.1z\"><\/path><\/svg><\/span><\/div><\/div><\/section>\n\n\n\n<p class=\"has-medium-font-size wp-block-paragraph\">Weitere Informationen \u00fcber den Energieparcours und die gemeinn\u00fctzige und unabh\u00e4ngige VRD Stiftung f\u00fcr Erneuerbare Energien finden Sie <span class=\"removed_link\" title=\"https:\/\/vrd-stiftung.org\/projekte\/bildung\/sonne-ist-leben-grundschuler-werden-zu-energieexperten\/\">hier<\/span>. <\/p>\n\n\n\n<p class=\"has-medium-font-size wp-block-paragraph\">Wenn Sie interessiert sind, das Set f\u00fcr Ihre Schule auszuleihen, melden Sie sich bitte per Mail \u00fcber <a href=\"mailto: bad-kreuznach@kmz.bildung-rp.de\">bad-kreuznach@kmz.bildung-rp.de<\/a> oder telefonisch unter 0671 803 1667 (1668).<\/p>\n","protected":false},"excerpt":{"rendered":"<p>Grundschulbox \u201eEnergie-Parcours\u201c &#8211; \u00a0Sonne, Wind und Wasser forschend entdecken Energieparcours des VRD f\u00fcr Grundschulen &#8211; Foto: copyright VRD Stiftung f\u00fcr Erneuerbare Energien Weitere Informationen \u00fcber den Energieparcours und die gemeinn\u00fctzige und unabh\u00e4ngige VRD Stiftung f\u00fcr Erneuerbare Energien finden Sie hier. Wenn Sie interessiert sind, das Set f\u00fcr Ihre Schule auszuleihen, melden Sie sich bitte per [&hellip;]<\/p>\n","protected":false},"author":2,"featured_media":0,"parent":0,"menu_order":0,"comment_status":"closed","ping_status":"closed","template":"","meta":{"_crdt_document":"","footnotes":""},"class_list":["post-25975","page","type-page","status-publish","hentry","entry"],"jetpack_sharing_enabled":true,"_links":{"self":[{"href":"https:\/\/mz-badkreuznach.bildung-rp.de\/index.php?rest_route=\/wp\/v2\/pages\/25975","targetHints":{"allow":["GET"]}}],"collection":[{"href":"https:\/\/mz-badkreuznach.bildung-rp.de\/index.php?rest_route=\/wp\/v2\/pages"}],"about":[{"href":"https:\/\/mz-badkreuznach.bildung-rp.de\/index.php?rest_route=\/wp\/v2\/types\/page"}],"author":[{"embeddable":true,"href":"https:\/\/mz-badkreuznach.bildung-rp.de\/index.php?rest_route=\/wp\/v2\/users\/2"}],"replies":[{"embeddable":true,"href":"https:\/\/mz-badkreuznach.bildung-rp.de\/index.php?rest_route=%2Fwp%2Fv2%2Fcomments&post=25975"}],"version-history":[{"count":40,"href":"https:\/\/mz-badkreuznach.bildung-rp.de\/index.php?rest_route=\/wp\/v2\/pages\/25975\/revisions"}],"predecessor-version":[{"id":26504,"href":"https:\/\/mz-badkreuznach.bildung-rp.de\/index.php?rest_route=\/wp\/v2\/pages\/25975\/revisions\/26504"}],"wp:attachment":[{"href":"https:\/\/mz-badkreuznach.bildung-rp.de\/index.php?rest_route=%2Fwp%2Fv2%2Fmedia&parent=25975"}],"curies":[{"name":"wp","href":"https:\/\/api.w.org\/{rel}","templated":true}]}}