{"id":26182,"date":"2023-12-14T13:16:13","date_gmt":"2023-12-14T12:16:13","guid":{"rendered":"https:\/\/mz-badkreuznach.bildung-rp.de\/?page_id=26182"},"modified":"2025-07-22T10:53:27","modified_gmt":"2025-07-22T08:53:27","slug":"blue-bot-roboter-kinderleicht-programmieren","status":"publish","type":"page","link":"https:\/\/mz-badkreuznach.bildung-rp.de\/?page_id=26182","title":{"rendered":"Blue-Bot: Roboter kinderleicht programmieren!"},"content":{"rendered":"\n<div id=\"section-g70b17e\" class=\"wp-block-gutentor-e0 section-g70b17e gutentor-element gutentor-element-advanced-text\"><div class=\"gutentor-text-wrap\"><p class=\"gutentor-text\"><strong>Blue-Bot Klassens\u00e4tze &#8211; Programmieren kinderleicht!.<\/strong><br>Der bluetoothgesteuerte Bienen-Roboter kann direkt \u00fcber Tasten, indirekt \u00fcber eine Coder-Leiste oder \u00fcber eine iPad-App programmiert werden. <br>Empfohlen f\u00fcr die <strong>Grundschule<\/strong>. F\u00fcr Partnerarbeit oder Arbeit in Kleingruppen, <strong>bei uns ausleihbar<\/strong>.<br><br>TaskCard &#8211; <a href=\"https:\/\/www.taskcards.de\/#\/board\/ae70aafa-b81c-47bd-948d-5be4403cc6df?token=78351d37-5808-40a4-814b-07f965fd7a82\" target=\"_blank\" rel=\"noreferrer noopener\">Ideensammlung des Medienzentrums<\/a><br><br><a href=\"https:\/\/www.youtube.com\/watch?v=_98a_JpTL-I\" data-type=\"link\" data-id=\"https:\/\/www.youtube.com\/watch?v=_98a_JpTL-I\" target=\"_blank\" rel=\"noreferrer noopener\">Video-Link Betzold<\/a> (youtube-Link)<br><\/p><\/div><\/div>\n\n\n\n<div class=\"wp-block-group is-nowrap is-layout-flex wp-container-core-group-is-layout-8f761849 wp-block-group-is-layout-flex\">\n<section id=\"section-0d29b6c9-e186-4b9c-975b-c773c5d96200\" class=\"wp-block-gutentor-divider section-0d29b6c9-e186-4b9c-975b-c773c5d96200 gutentor-element gutentor-section gutentor-divider text-center\"><div class=\"grid-container\"><div class=\"gutentor-divider-box\"><span><svg xmlns=\"http:\/\/www.w3.org\/2000\/svg\" viewBox=\"0 0 240 40\" preserveAspectRatio=\"none\"><path d=\"M56.2 20c5.3-.1 10.6-.2 16-.3l16-.2c10.6-.1 21.3-.1 31.9-.2 10.6.1 21.3 0 31.9.1l16 .2c5.3.1 10.6.2 16 .3-5.3.1-10.6.2-16 .3l-16 .2c-10.6.1-21.3.1-31.9.1-10.6-.1-21.3 0-31.9-.2l-16-.2c-5.4.1-10.7 0-16-.1z\"><\/path><\/svg><\/span><\/div><\/div><\/section>\n<\/div>\n\n\n\n<section id=\"section-g-wco60w5\" class=\"wp-block-gutentor-gallery gutentor-section gutentor-gallery gutentor-gallery-wrapper enable-masonry gallery-template1\"><div class=\"grid-container\"><div class=\"gutentor-block-header\"><div class=\"gutentor-section-title enable-title-design seperator-bottom text-center\"><h2 class=\"gutentor-title\"><\/h2><\/div><\/div><div class=\"grid-row gutentor-grid-item-wrap full-width-row\"><div class=\"gutentor-gallery-item grid-lg-4 grid-md-4 grid-12\"><div class=\"gutentor-single-item gutentor-image gutentor-single-item-0\"><div class=\"gutentor-gallery-item-wrap\"><div class=\"gutentor-single-item-image-box\"><div class=\"gutentor-image-thumb\"><img data-recalc-dims=\"1\" loading=\"lazy\" decoding=\"async\" class=\"normal-image\" src=\"https:\/\/i0.wp.com\/mz-badkreuznach.bildung-rp.de\/wp-content\/uploads\/2024\/01\/Blue-Bot-scaled-e1753174394574.jpg?resize=1200%2C1200&#038;ssl=1\" alt=\"\" height=\"1200\" width=\"1200\"\/><\/div><\/div><div class=\"gutentor-single-item-content\"><div class=\"gutentor-gallery-item-header\"><h3 class=\"gutentor-single-item-title\">Blue-Bot (Foto: KMZ)<\/h3><a href=\"https:\/\/mz-badkreuznach.bildung-rp.de\/wp-content\/uploads\/2024\/01\/Blue-Bot-scaled-e1753174394574.jpg\" class=\"image-gallery\"><i class=\"gallery-icon fas fa-search\"><\/i><\/a><\/div><div class=\"gutentor-gallery-item-desc\"><p class=\"gutentor-single-item-desc\"><\/p><\/div><\/div><\/div><\/div><\/div><div class=\"gutentor-gallery-item grid-lg-4 grid-md-4 grid-12\"><div class=\"gutentor-single-item gutentor-image gutentor-single-item-1\"><div class=\"gutentor-gallery-item-wrap\"><div class=\"gutentor-single-item-image-box\"><div class=\"gutentor-image-thumb\"><img data-recalc-dims=\"1\" loading=\"lazy\" decoding=\"async\" class=\"normal-image\" src=\"https:\/\/i0.wp.com\/mz-badkreuznach.bildung-rp.de\/wp-content\/uploads\/2025\/07\/Parcours-Bee-Bot.png?resize=762%2C539&#038;ssl=1\" alt=\"\" height=\"539\" width=\"762\"\/><\/div><\/div><div class=\"gutentor-single-item-content\"><div class=\"gutentor-gallery-item-header\"><h3 class=\"gutentor-single-item-title\">Parcours f\u00fcr Blue-Bot (Quelle: Bildungsserver Wien)<\/h3><a href=\"https:\/\/mz-badkreuznach.bildung-rp.de\/wp-content\/uploads\/2025\/07\/Parcours-Bee-Bot.png\" class=\"image-gallery\"><i class=\"gallery-icon fas fa-search\"><\/i><\/a><\/div><div class=\"gutentor-gallery-item-desc\"><p class=\"gutentor-single-item-desc\"><\/p><\/div><\/div><\/div><\/div><\/div><div class=\"gutentor-gallery-item grid-lg-4 grid-md-4 grid-12\"><div class=\"gutentor-single-item gutentor-image gutentor-single-item-2\"><div class=\"gutentor-gallery-item-wrap\"><div class=\"gutentor-single-item-image-box\"><div class=\"gutentor-image-thumb\"><img data-recalc-dims=\"1\" loading=\"lazy\" decoding=\"async\" class=\"normal-image\" src=\"https:\/\/i0.wp.com\/mz-badkreuznach.bildung-rp.de\/wp-content\/uploads\/2025\/07\/Material-Blue-Bot.png?resize=1200%2C617&#038;ssl=1\" alt=\"\" height=\"617\" width=\"1200\"\/><\/div><\/div><div class=\"gutentor-single-item-content\"><div class=\"gutentor-gallery-item-header\"><h3 class=\"gutentor-single-item-title\">TaskCard mit Material und Ideen<\/h3><a href=\"https:\/\/mz-badkreuznach.bildung-rp.de\/wp-content\/uploads\/2025\/07\/Material-Blue-Bot.png\" class=\"image-gallery\"><i class=\"gallery-icon fas fa-search\"><\/i><\/a><\/div><div class=\"gutentor-gallery-item-desc\"><p class=\"gutentor-single-item-desc\"><\/p><\/div><\/div><\/div><\/div><\/div><\/div><\/div><\/section>\n","protected":false},"excerpt":{"rendered":"","protected":false},"author":2,"featured_media":0,"parent":0,"menu_order":0,"comment_status":"closed","ping_status":"closed","template":"","meta":{"_crdt_document":"","footnotes":""},"class_list":["post-26182","page","type-page","status-publish","hentry","entry"],"jetpack_sharing_enabled":true,"_links":{"self":[{"href":"https:\/\/mz-badkreuznach.bildung-rp.de\/index.php?rest_route=\/wp\/v2\/pages\/26182","targetHints":{"allow":["GET"]}}],"collection":[{"href":"https:\/\/mz-badkreuznach.bildung-rp.de\/index.php?rest_route=\/wp\/v2\/pages"}],"about":[{"href":"https:\/\/mz-badkreuznach.bildung-rp.de\/index.php?rest_route=\/wp\/v2\/types\/page"}],"author":[{"embeddable":true,"href":"https:\/\/mz-badkreuznach.bildung-rp.de\/index.php?rest_route=\/wp\/v2\/users\/2"}],"replies":[{"embeddable":true,"href":"https:\/\/mz-badkreuznach.bildung-rp.de\/index.php?rest_route=%2Fwp%2Fv2%2Fcomments&post=26182"}],"version-history":[{"count":17,"href":"https:\/\/mz-badkreuznach.bildung-rp.de\/index.php?rest_route=\/wp\/v2\/pages\/26182\/revisions"}],"predecessor-version":[{"id":26943,"href":"https:\/\/mz-badkreuznach.bildung-rp.de\/index.php?rest_route=\/wp\/v2\/pages\/26182\/revisions\/26943"}],"wp:attachment":[{"href":"https:\/\/mz-badkreuznach.bildung-rp.de\/index.php?rest_route=%2Fwp%2Fv2%2Fmedia&parent=26182"}],"curies":[{"name":"wp","href":"https:\/\/api.w.org\/{rel}","templated":true}]}}