{"id":26188,"date":"2023-12-14T13:29:41","date_gmt":"2023-12-14T12:29:41","guid":{"rendered":"https:\/\/mz-badkreuznach.bildung-rp.de\/?page_id=26188"},"modified":"2025-07-22T10:39:55","modified_gmt":"2025-07-22T08:39:55","slug":"cubetto-roboter-programmieren-im-primarbereich","status":"publish","type":"page","link":"https:\/\/mz-badkreuznach.bildung-rp.de\/?page_id=26188","title":{"rendered":"Cubetto: Roboter programmieren im Primarbereich!"},"content":{"rendered":"\n<div id=\"section-g8eeb3c\" class=\"wp-block-gutentor-e0 section-g8eeb3c gutentor-element gutentor-element-advanced-text\"><div class=\"gutentor-text-wrap\"><p class=\"gutentor-text\"><strong>Kindergartenkinder und Coding bzw. Programmieren?<\/strong> Eine super Kombi \u2013 genauso wie Technik und Holz. Cubetto ist Programmieren zum Anfassen f\u00fcr Kinder. Das Set besteht aus dem freundlichen Roboter im strapazierf\u00e4higen Lindensperrholz-Gewand, einem Steuerungsbrett, ebenfalls aus Holz und Kodierbl\u00f6cken aus Kunststoff. Dank seiner angenehmen Haptik ist Cubetto f\u00fcr Kinder besonders gut zu greifen.\u00a0<br><br><strong>Spielend Programmieren lernen<\/strong><br>Um den kleinen Kerl zu steuern, brauchen die Kinder weder Bildschirm noch Tastatur. Allein oder in kleinen Gruppen best\u00fccken sie einfach das elektronische Steuerungsbrett mit den Kodierbl\u00f6cken in unterschiedlichen Farben und Formen. Danach dr\u00fccken die angehenden Entwickler den blauen Knopf und schon f\u00fchrt Cubetto ihren programmierten Weg aus. Spielend lernen die Kinder so etwas \u00fcber Programmierkonzepte wie Algorithmen, Warteschleife, Fehlersuche und Rekursion.\u00a0<\/p><\/div><\/div>\n\n\n\n<section id=\"section-g-ruwnb77\" class=\"wp-block-gutentor-gallery gutentor-section gutentor-gallery gutentor-gallery-wrapper enable-masonry gallery-template1\"><div class=\"grid-container\"><div class=\"gutentor-block-header\"><div class=\"gutentor-section-title enable-title-design seperator-bottom text-center\"><h2 class=\"gutentor-title\"><\/h2><\/div><\/div><div class=\"grid-row gutentor-grid-item-wrap full-width-row\"><div class=\"gutentor-gallery-item grid-lg-4 grid-md-4 grid-12\"><div class=\"gutentor-single-item gutentor-image gutentor-single-item-0\"><div class=\"gutentor-gallery-item-wrap\"><div class=\"gutentor-single-item-image-box\"><div class=\"gutentor-image-thumb\"><img data-recalc-dims=\"1\" loading=\"lazy\" decoding=\"async\" class=\"normal-image\" src=\"https:\/\/i0.wp.com\/mz-badkreuznach.bildung-rp.de\/wp-content\/uploads\/2025\/07\/Cubetto2-scaled.jpg?resize=1200%2C1600&#038;ssl=1\" alt=\"\" height=\"1600\" width=\"1200\"\/><\/div><\/div><div class=\"gutentor-single-item-content\"><div class=\"gutentor-gallery-item-header\"><h3 class=\"gutentor-single-item-title\">Cubetto-Roboter (Foto: KMZ)<\/h3><a href=\"https:\/\/mz-badkreuznach.bildung-rp.de\/wp-content\/uploads\/2025\/07\/Cubetto2-scaled.jpg\" class=\"image-gallery\"><i class=\"gallery-icon fas fa-search\"><\/i><\/a><\/div><div class=\"gutentor-gallery-item-desc\"><p class=\"gutentor-single-item-desc\"><\/p><\/div><\/div><\/div><\/div><\/div><div class=\"gutentor-gallery-item grid-lg-4 grid-md-4 grid-12\"><div class=\"gutentor-single-item gutentor-image gutentor-single-item-1\"><div class=\"gutentor-gallery-item-wrap\"><div class=\"gutentor-single-item-image-box\"><div class=\"gutentor-image-thumb\"><img data-recalc-dims=\"1\" loading=\"lazy\" decoding=\"async\" class=\"normal-image\" src=\"https:\/\/i0.wp.com\/mz-badkreuznach.bildung-rp.de\/wp-content\/uploads\/2025\/07\/Cubetto1-scaled.jpg?resize=1200%2C1600&#038;ssl=1\" alt=\"\" height=\"1600\" width=\"1200\"\/><\/div><\/div><div class=\"gutentor-single-item-content\"><div class=\"gutentor-gallery-item-header\"><h3 class=\"gutentor-single-item-title\">Spielmatte und Programmierbrett (Foto: KMZ)<\/h3><a href=\"https:\/\/mz-badkreuznach.bildung-rp.de\/wp-content\/uploads\/2025\/07\/Cubetto1-scaled.jpg\" class=\"image-gallery\"><i class=\"gallery-icon fas fa-search\"><\/i><\/a><\/div><div class=\"gutentor-gallery-item-desc\"><p class=\"gutentor-single-item-desc\"><\/p><\/div><\/div><\/div><\/div><\/div><div class=\"gutentor-gallery-item grid-lg-4 grid-md-4 grid-12\"><div class=\"gutentor-single-item gutentor-image gutentor-single-item-2\"><div class=\"gutentor-gallery-item-wrap\"><div class=\"gutentor-single-item-image-box\"><div class=\"gutentor-image-thumb\"><img data-recalc-dims=\"1\" loading=\"lazy\" decoding=\"async\" class=\"normal-image\" src=\"https:\/\/i0.wp.com\/mz-badkreuznach.bildung-rp.de\/wp-content\/uploads\/2025\/07\/Cubetto4-scaled.jpg?resize=1200%2C1600&#038;ssl=1\" alt=\"\" height=\"1600\" width=\"1200\"\/><\/div><\/div><div class=\"gutentor-single-item-content\"><div class=\"gutentor-gallery-item-header\"><h3 class=\"gutentor-single-item-title\">verschiedene Spielmatten und Coding-Steine (Foto: KMZ)<\/h3><a href=\"https:\/\/mz-badkreuznach.bildung-rp.de\/wp-content\/uploads\/2025\/07\/Cubetto4-scaled.jpg\" class=\"image-gallery\"><i class=\"gallery-icon fas fa-search\"><\/i><\/a><\/div><div class=\"gutentor-gallery-item-desc\"><p class=\"gutentor-single-item-desc\"><\/p><\/div><\/div><\/div><\/div><\/div><\/div><\/div><\/section>\n\n\n\n<div id=\"section-g-rftu1tt\" class=\"wp-block-gutentor-e0 section-g-rftu1tt gutentor-element gutentor-element-advanced-text\"><div class=\"gutentor-text-wrap\"><p class=\"gutentor-text\"><strong>Video-Link:<\/strong><br><a href=\"https:\/\/www.youtube.com\/watch?v=OfOH-1P_m-o\">https:\/\/www.youtube.com\/watch?v=OfOH-1P_m-o<\/a><\/p><\/div><\/div>\n","protected":false},"excerpt":{"rendered":"","protected":false},"author":2,"featured_media":0,"parent":0,"menu_order":0,"comment_status":"closed","ping_status":"closed","template":"","meta":{"_crdt_document":"","footnotes":""},"class_list":["post-26188","page","type-page","status-publish","hentry","entry"],"jetpack_sharing_enabled":true,"_links":{"self":[{"href":"https:\/\/mz-badkreuznach.bildung-rp.de\/index.php?rest_route=\/wp\/v2\/pages\/26188","targetHints":{"allow":["GET"]}}],"collection":[{"href":"https:\/\/mz-badkreuznach.bildung-rp.de\/index.php?rest_route=\/wp\/v2\/pages"}],"about":[{"href":"https:\/\/mz-badkreuznach.bildung-rp.de\/index.php?rest_route=\/wp\/v2\/types\/page"}],"author":[{"embeddable":true,"href":"https:\/\/mz-badkreuznach.bildung-rp.de\/index.php?rest_route=\/wp\/v2\/users\/2"}],"replies":[{"embeddable":true,"href":"https:\/\/mz-badkreuznach.bildung-rp.de\/index.php?rest_route=%2Fwp%2Fv2%2Fcomments&post=26188"}],"version-history":[{"count":12,"href":"https:\/\/mz-badkreuznach.bildung-rp.de\/index.php?rest_route=\/wp\/v2\/pages\/26188\/revisions"}],"predecessor-version":[{"id":26932,"href":"https:\/\/mz-badkreuznach.bildung-rp.de\/index.php?rest_route=\/wp\/v2\/pages\/26188\/revisions\/26932"}],"wp:attachment":[{"href":"https:\/\/mz-badkreuznach.bildung-rp.de\/index.php?rest_route=%2Fwp%2Fv2%2Fmedia&parent=26188"}],"curies":[{"name":"wp","href":"https:\/\/api.w.org\/{rel}","templated":true}]}}