{"id":27000,"date":"2025-12-04T10:08:48","date_gmt":"2025-12-04T09:08:48","guid":{"rendered":"https:\/\/mz-badkreuznach.bildung-rp.de\/?page_id=27000"},"modified":"2025-12-04T10:31:13","modified_gmt":"2025-12-04T09:31:13","slug":"handy-mikroskope","status":"publish","type":"page","link":"https:\/\/mz-badkreuznach.bildung-rp.de\/?page_id=27000","title":{"rendered":"Handy-Mikroskope"},"content":{"rendered":"\n<h1 class=\"wp-block-heading\" id=\"programmierbare-drohnen-tello-edu-und-parrot-mambo-ausleihbar\"><strong>Set<\/strong> mit 15 Aufsteckmikroskopen (ausleihbar): <a href=\"mailto:bad-kreuznach@kmz.bildung-rp.de\">E-Mail an das Kreismedienzentrum<\/a><\/h1>\n\n\n\n<p class=\"wp-block-paragraph\" id=\"programmierbare-drohnen-tello-edu-und-parrot-mambo-ausleihbar\"><\/p>\n\n\n\n<section id=\"section-60e9cff1-2612-4401-9800-3b5f7832d776\" class=\"wp-block-gutentor-divider section-60e9cff1-2612-4401-9800-3b5f7832d776 gutentor-element gutentor-section gutentor-divider text-center\"><div class=\"grid-container\"><div class=\"gutentor-divider-box\"><span><svg xmlns=\"http:\/\/www.w3.org\/2000\/svg\" viewBox=\"0 0 240 40\" preserveAspectRatio=\"none\"><path d=\"M56.2 20c5.3-.1 10.6-.2 16-.3l16-.2c10.6-.1 21.3-.1 31.9-.2 10.6.1 21.3 0 31.9.1l16 .2c5.3.1 10.6.2 16 .3-5.3.1-10.6.2-16 .3l-16 .2c-10.6.1-21.3.1-31.9.1-10.6-.1-21.3 0-31.9-.2l-16-.2c-5.4.1-10.7 0-16-.1z\"><\/path><\/svg><\/span><\/div><\/div><\/section>\n\n\n\n<figure class=\"wp-block-gallery alignwide has-nested-images columns-default is-cropped wp-block-gallery-2 is-layout-flex wp-block-gallery-is-layout-flex\">\n<figure class=\"wp-block-image size-full is-style-default\"><img data-recalc-dims=\"1\" loading=\"lazy\" decoding=\"async\" width=\"1200\" height=\"907\" data-id=\"26964\" src=\"https:\/\/i0.wp.com\/mz-badkreuznach.bildung-rp.de\/wp-content\/uploads\/2025\/11\/IMG_3644-scaled.jpeg?resize=1200%2C907&#038;ssl=1\" alt=\"\" class=\"wp-image-26964\" srcset=\"https:\/\/i0.wp.com\/mz-badkreuznach.bildung-rp.de\/wp-content\/uploads\/2025\/11\/IMG_3644-scaled.jpeg?w=2560&amp;ssl=1 2560w, https:\/\/i0.wp.com\/mz-badkreuznach.bildung-rp.de\/wp-content\/uploads\/2025\/11\/IMG_3644-scaled.jpeg?resize=300%2C227&amp;ssl=1 300w, https:\/\/i0.wp.com\/mz-badkreuznach.bildung-rp.de\/wp-content\/uploads\/2025\/11\/IMG_3644-scaled.jpeg?resize=1024%2C774&amp;ssl=1 1024w, https:\/\/i0.wp.com\/mz-badkreuznach.bildung-rp.de\/wp-content\/uploads\/2025\/11\/IMG_3644-scaled.jpeg?resize=768%2C580&amp;ssl=1 768w, https:\/\/i0.wp.com\/mz-badkreuznach.bildung-rp.de\/wp-content\/uploads\/2025\/11\/IMG_3644-scaled.jpeg?resize=1536%2C1161&amp;ssl=1 1536w, https:\/\/i0.wp.com\/mz-badkreuznach.bildung-rp.de\/wp-content\/uploads\/2025\/11\/IMG_3644-scaled.jpeg?resize=2048%2C1547&amp;ssl=1 2048w, https:\/\/i0.wp.com\/mz-badkreuznach.bildung-rp.de\/wp-content\/uploads\/2025\/11\/IMG_3644-scaled.jpeg?w=2400&amp;ssl=1 2400w\" sizes=\"auto, (max-width: 1200px) 100vw, 1200px\" \/><figcaption class=\"wp-element-caption\">Set mit 15 Aufsteck-Mikroskopen (Foto: KMZ)<\/figcaption><\/figure>\n\n\n\n<figure class=\"wp-block-image size-large\"><img data-recalc-dims=\"1\" loading=\"lazy\" decoding=\"async\" width=\"1024\" height=\"648\" data-id=\"26965\" src=\"https:\/\/i0.wp.com\/mz-badkreuznach.bildung-rp.de\/wp-content\/uploads\/2025\/11\/IMG_3643.jpeg?resize=1024%2C648&#038;ssl=1\" alt=\"\" class=\"wp-image-26965\" srcset=\"https:\/\/i0.wp.com\/mz-badkreuznach.bildung-rp.de\/wp-content\/uploads\/2025\/11\/IMG_3643-scaled.jpeg?resize=1024%2C648&amp;ssl=1 1024w, https:\/\/i0.wp.com\/mz-badkreuznach.bildung-rp.de\/wp-content\/uploads\/2025\/11\/IMG_3643-scaled.jpeg?resize=300%2C190&amp;ssl=1 300w, https:\/\/i0.wp.com\/mz-badkreuznach.bildung-rp.de\/wp-content\/uploads\/2025\/11\/IMG_3643-scaled.jpeg?resize=768%2C486&amp;ssl=1 768w, https:\/\/i0.wp.com\/mz-badkreuznach.bildung-rp.de\/wp-content\/uploads\/2025\/11\/IMG_3643-scaled.jpeg?resize=1536%2C972&amp;ssl=1 1536w, https:\/\/i0.wp.com\/mz-badkreuznach.bildung-rp.de\/wp-content\/uploads\/2025\/11\/IMG_3643-scaled.jpeg?resize=2048%2C1296&amp;ssl=1 2048w, https:\/\/i0.wp.com\/mz-badkreuznach.bildung-rp.de\/wp-content\/uploads\/2025\/11\/IMG_3643-scaled.jpeg?w=2400&amp;ssl=1 2400w\" sizes=\"auto, (max-width: 1024px) 100vw, 1024px\" \/><figcaption class=\"wp-element-caption\">Vergr\u00f6\u00dferung bis 200fach, Beispiel Jeans-Stoff. (Foto: KMZ)<\/figcaption><\/figure>\n<\/figure>\n\n\n\n<div class=\"wp-block-group is-nowrap is-layout-flex wp-container-core-group-is-layout-8f761849 wp-block-group-is-layout-flex\">\n<section id=\"section-8c7be34b-843f-4a0a-ba73-067509e76bea\" class=\"wp-block-gutentor-divider section-8c7be34b-843f-4a0a-ba73-067509e76bea gutentor-element gutentor-section gutentor-divider text-center\"><div class=\"grid-container\"><div class=\"gutentor-divider-box\"><span><svg xmlns=\"http:\/\/www.w3.org\/2000\/svg\" viewBox=\"0 0 240 40\" preserveAspectRatio=\"none\"><path d=\"M56.2 20c5.3-.1 10.6-.2 16-.3l16-.2c10.6-.1 21.3-.1 31.9-.2 10.6.1 21.3 0 31.9.1l16 .2c5.3.1 10.6.2 16 .3-5.3.1-10.6.2-16 .3l-16 .2c-10.6.1-21.3.1-31.9.1-10.6-.1-21.3 0-31.9-.2l-16-.2c-5.4.1-10.7 0-16-.1z\"><\/path><\/svg><\/span><\/div><\/div><\/section>\n<\/div>\n\n\n\n<div id=\"section-g3433c9\" class=\"wp-block-gutentor-e0 section-g3433c9 gutentor-element gutentor-element-advanced-text\"><div class=\"gutentor-text-wrap\"><p class=\"gutentor-text\"><br><strong><br>Handymikroskop, bis zu 200-fache Vergr\u00f6\u00dferung<\/strong>!<br><br>Aufstecken &#8211; Einschalten &#8211; Los!<br><strong><br> Keine separate App erforderlic<\/strong>h!<br>Das Handymikroskop mithilfe des verstellbaren Universal-Clips einfach auf die Hauptkamera Ihres Ger\u00e4ts aufstecken. <br><br><strong>200-fache Vergr\u00f6\u00dferung in \u00fcberraschender Qualit\u00e4t<\/strong><br>Das Aufsteck-Mikroskop verwandelt Ihr Handy in ein hochaufl\u00f6sendes Mikroskop. Die optische Vergr\u00f6\u00dferung des Linsenapparates wird mit den Linsen und der Kamera des Smartphones kombiniert, und so ist eine 200-fache Vergr\u00f6\u00dferung erreichbar.<br>Das Handymikroskop ist f\u00fcr die Aufnahme von Fotos und Videos mit Smartphones optimiert:<br>Standard-Fotos* (12-50 Megapixel)<br>Fotos* bis zum 200 MP<br>Videos* in HD (720p), Full HD (1080p), 4K <br><br><strong>Wiederaufladbar, keine Batterie erforderlich<\/strong><br>Das Handymikroskop verf\u00fcgt \u00fcber einen wiederaufladbaren Lithium-Ionen-Akku. Damit kann das Ger\u00e4t bis zu 120 Minuten lang ohne Pause verwendet werden. Das Handymikroskop kann mit dem im Set enthaltenen USB-C-Ladeger\u00e4t geladen werden.  Passende USB-C Ladekabel sind  im Lieferumfangebnfalls enthalten. Batterien werden nicht ben\u00f6tigt.<br><br><strong>Kompatibel mit den g\u00e4ngigsten Smartphones<\/strong><br>Das Handymikroskop ist kompatibel mit den g\u00e4ngigsten Smartphones der meisten Hersteller.  <br><br><strong>Set-Inhalt:<\/strong><br>15x Hagemann Super-Handymikroskop, 200-fach<br>15x USB-C-Ladekabel<br>2 Ladeger\u00e4te<br>15x Aufbewahrungstasche<br>15x Linsenpflege-Tuch<br>15x Anleitung<br><strong>Altersempfehlu<\/strong>ng 5+<br>\u2026<br><br><strong>Links:<\/strong><br>Video: <a href=\"https:\/\/www.youtube.com\/watch?v=Jw0_hm4gt-U\">https:\/\/www.youtube.com\/watch?v=Jw0_hm4gt-U<\/a><br>Hersteller: <a href=\"https:\/\/www.hagemann.de\/hagemann-super-handymikroskop-200-fach\">https:\/\/www.hagemann.de\/hagemann-super-handymikroskop-200-fach<\/a><br><br><\/p><\/div><\/div>\n","protected":false},"excerpt":{"rendered":"<p>Set mit 15 Aufsteckmikroskopen (ausleihbar): E-Mail an das Kreismedienzentrum<\/p>\n","protected":false},"author":4,"featured_media":0,"parent":0,"menu_order":0,"comment_status":"closed","ping_status":"closed","template":"","meta":{"_crdt_document":"","footnotes":""},"class_list":["post-27000","page","type-page","status-publish","hentry","entry"],"jetpack_sharing_enabled":true,"_links":{"self":[{"href":"https:\/\/mz-badkreuznach.bildung-rp.de\/index.php?rest_route=\/wp\/v2\/pages\/27000","targetHints":{"allow":["GET"]}}],"collection":[{"href":"https:\/\/mz-badkreuznach.bildung-rp.de\/index.php?rest_route=\/wp\/v2\/pages"}],"about":[{"href":"https:\/\/mz-badkreuznach.bildung-rp.de\/index.php?rest_route=\/wp\/v2\/types\/page"}],"author":[{"embeddable":true,"href":"https:\/\/mz-badkreuznach.bildung-rp.de\/index.php?rest_route=\/wp\/v2\/users\/4"}],"replies":[{"embeddable":true,"href":"https:\/\/mz-badkreuznach.bildung-rp.de\/index.php?rest_route=%2Fwp%2Fv2%2Fcomments&post=27000"}],"version-history":[{"count":15,"href":"https:\/\/mz-badkreuznach.bildung-rp.de\/index.php?rest_route=\/wp\/v2\/pages\/27000\/revisions"}],"predecessor-version":[{"id":27017,"href":"https:\/\/mz-badkreuznach.bildung-rp.de\/index.php?rest_route=\/wp\/v2\/pages\/27000\/revisions\/27017"}],"wp:attachment":[{"href":"https:\/\/mz-badkreuznach.bildung-rp.de\/index.php?rest_route=%2Fwp%2Fv2%2Fmedia&parent=27000"}],"curies":[{"name":"wp","href":"https:\/\/api.w.org\/{rel}","templated":true}]}}