{"id":27111,"date":"2025-12-05T10:49:04","date_gmt":"2025-12-05T09:49:04","guid":{"rendered":"https:\/\/mz-badkreuznach.bildung-rp.de\/?page_id=27111"},"modified":"2025-12-05T11:11:12","modified_gmt":"2025-12-05T10:11:12","slug":"stabilo-edu-pen-neo","status":"publish","type":"page","link":"https:\/\/mz-badkreuznach.bildung-rp.de\/?page_id=27111","title":{"rendered":"Stabilo Edu Pen NEO"},"content":{"rendered":"\n<p class=\"wp-block-paragraph\" style=\"font-size:22px\"><\/p>\n\n\n\n<div class=\"wp-block-media-text is-stacked-on-mobile is-vertically-aligned-top\" style=\"grid-template-columns:49% auto\"><figure class=\"wp-block-media-text__media\"><img data-recalc-dims=\"1\" loading=\"lazy\" decoding=\"async\" width=\"1024\" height=\"768\" src=\"https:\/\/i0.wp.com\/mz-badkreuznach.bildung-rp.de\/wp-content\/uploads\/2025\/12\/IMG_0055-scaled-1.jpeg?resize=1024%2C768&#038;ssl=1\" alt=\"\" class=\"wp-image-26992 size-full\" srcset=\"https:\/\/i0.wp.com\/mz-badkreuznach.bildung-rp.de\/wp-content\/uploads\/2025\/12\/IMG_0055-scaled-1.jpeg?resize=1024%2C768&amp;ssl=1 1024w, https:\/\/i0.wp.com\/mz-badkreuznach.bildung-rp.de\/wp-content\/uploads\/2025\/12\/IMG_0055-scaled-1.jpeg?resize=300%2C225&amp;ssl=1 300w, https:\/\/i0.wp.com\/mz-badkreuznach.bildung-rp.de\/wp-content\/uploads\/2025\/12\/IMG_0055-scaled-1.jpeg?resize=768%2C576&amp;ssl=1 768w, https:\/\/i0.wp.com\/mz-badkreuznach.bildung-rp.de\/wp-content\/uploads\/2025\/12\/IMG_0055-scaled-1.jpeg?resize=1536%2C1152&amp;ssl=1 1536w, https:\/\/i0.wp.com\/mz-badkreuznach.bildung-rp.de\/wp-content\/uploads\/2025\/12\/IMG_0055-scaled-1.jpeg?resize=2048%2C1536&amp;ssl=1 2048w, https:\/\/i0.wp.com\/mz-badkreuznach.bildung-rp.de\/wp-content\/uploads\/2025\/12\/IMG_0055-scaled-1.jpeg?w=2400&amp;ssl=1 2400w\" sizes=\"auto, (max-width: 1024px) 100vw, 1024px\" \/><\/figure><div class=\"wp-block-media-text__content\">\n<p class=\"wp-block-paragraph\" style=\"font-size:22px\"><strong>Diagnose des Schriftbildes und individuelle F\u00f6rderung der Fein-, Schreib- und Graphomotorik.<\/strong><\/p>\n\n\n\n<p class=\"wp-block-paragraph\" style=\"font-size:18px\">Entsprechend der mit Stift und App erstellten Diagnose stehen Arbeitsbl\u00e4tter zur F\u00f6rderung der Teilbereiche Tempo, Rhythmus, Schreibdruck, Griffdruck, Form und Feinmotorik zur Verf\u00fcgung.<br><\/p>\n\n\n\n<p class=\"wp-block-paragraph\">(Foto: KMZ)<\/p>\n<\/div><\/div>\n\n\n\n<div id=\"section-g-ssiphis\" class=\"wp-block-gutentor-e1 section-g-ssiphis gutentor-element gutentor-element-advanced-text\"><div class=\"gutentor-text-wrap\"><p class=\"gutentor-text\"><br><br><\/p><\/div><\/div>\n\n\n\n<p class=\"wp-block-paragraph\"><strong>Der STABILO EduPen Neo<\/strong>&nbsp;ist ein smartes Diagnose- und F\u00f6rdersystem zur Verbesserung der Handschrift von Kindern ab 5 Jahren \u2013 geeignet f\u00fcr Vorschule, Grundschule und weiterf\u00fchrende Schulen.<br>Mit einem kurzen Schreibtest auf Papier erfasst der intelligente Stift \u00fcber Sensoren wichtige graphomotorische Daten. Die App erstellt daraus automatisch ein Kompetenzprofil der Handschrift und schl\u00e4gt passende, individualisierte Arbeitsbl\u00e4tter vor, um Schreibdruck, -tempo, -rhythmus und Lesbarkeit gezielt zu f\u00f6rdern.<\/p>\n\n\n\n<p class=\"wp-block-paragraph\">Ein Live-Feedback-Training macht Schreib- und Griffdruck unmittelbar sichtbar und unterst\u00fctzt spielerisches Lernen. Lehrkr\u00e4fte erhalten objektive Diagnoseberichte sowie Materialien f\u00fcr Elterngespr\u00e4che. Die Arbeitsbl\u00e4tter ersetzen klassische \u00dcbungs- und Vorschulhefte und erm\u00f6glichen kreative Lernspiele f\u00fcr verschiedene Altersstufen.<\/p>\n\n\n\n<p class=\"wp-block-paragraph\"><\/p>\n\n\n\n<p class=\"wp-block-paragraph\">Link zum Hersteller: <a href=\"https:\/\/www.stabilo.com\/de\/digitaler-stift-mit-app-fuer-den-schreibunterricht-stabilo-edupen-neo\/1808-41-1\">https:\/\/www.stabilo.com\/de\/digitaler-stift-mit-app-fuer-den-schreibunterricht-stabilo-edupen-neo\/1808-41-1<\/a><\/p>\n\n\n\n<figure class=\"wp-block-embed is-type-video is-provider-youtube wp-block-embed-youtube wp-embed-aspect-16-9 wp-has-aspect-ratio\"><div class=\"wp-block-embed__wrapper\">\n<p class=\"responsive-video-wrap clr\"><iframe loading=\"lazy\" title=\"STABILO EduPen: So funktioniert der digitale Stift mit App f\u00fcr Lehrkr\u00e4fte\" width=\"1200\" height=\"675\" src=\"https:\/\/www.youtube.com\/embed\/hRjiK0-j4ZI?feature=oembed\" frameborder=\"0\" allow=\"accelerometer; autoplay; clipboard-write; encrypted-media; gyroscope; picture-in-picture; web-share\" referrerpolicy=\"strict-origin-when-cross-origin\" allowfullscreen><\/iframe><\/p>\n<\/div><\/figure>\n\n\n\n<p class=\"wp-block-paragraph\"><\/p>\n\n\n\n<p class=\"wp-block-paragraph\"><\/p>\n","protected":false},"excerpt":{"rendered":"<p>Diagnose des Schriftbildes und individuelle F\u00f6rderung der Fein-, Schreib- und Graphomotorik. Entsprechend der mit Stift und App erstellten Diagnose stehen Arbeitsbl\u00e4tter zur F\u00f6rderung der Teilbereiche Tempo, Rhythmus, Schreibdruck, Griffdruck, Form und Feinmotorik zur Verf\u00fcgung. (Foto: KMZ) Der STABILO EduPen Neo&nbsp;ist ein smartes Diagnose- und F\u00f6rdersystem zur Verbesserung der Handschrift von Kindern ab 5 Jahren \u2013 [&hellip;]<\/p>\n","protected":false},"author":4,"featured_media":0,"parent":0,"menu_order":5,"comment_status":"closed","ping_status":"closed","template":"","meta":{"_crdt_document":"","footnotes":""},"class_list":["post-27111","page","type-page","status-publish","hentry","entry"],"jetpack_sharing_enabled":true,"_links":{"self":[{"href":"https:\/\/mz-badkreuznach.bildung-rp.de\/index.php?rest_route=\/wp\/v2\/pages\/27111","targetHints":{"allow":["GET"]}}],"collection":[{"href":"https:\/\/mz-badkreuznach.bildung-rp.de\/index.php?rest_route=\/wp\/v2\/pages"}],"about":[{"href":"https:\/\/mz-badkreuznach.bildung-rp.de\/index.php?rest_route=\/wp\/v2\/types\/page"}],"author":[{"embeddable":true,"href":"https:\/\/mz-badkreuznach.bildung-rp.de\/index.php?rest_route=\/wp\/v2\/users\/4"}],"replies":[{"embeddable":true,"href":"https:\/\/mz-badkreuznach.bildung-rp.de\/index.php?rest_route=%2Fwp%2Fv2%2Fcomments&post=27111"}],"version-history":[{"count":9,"href":"https:\/\/mz-badkreuznach.bildung-rp.de\/index.php?rest_route=\/wp\/v2\/pages\/27111\/revisions"}],"predecessor-version":[{"id":27121,"href":"https:\/\/mz-badkreuznach.bildung-rp.de\/index.php?rest_route=\/wp\/v2\/pages\/27111\/revisions\/27121"}],"wp:attachment":[{"href":"https:\/\/mz-badkreuznach.bildung-rp.de\/index.php?rest_route=%2Fwp%2Fv2%2Fmedia&parent=27111"}],"curies":[{"name":"wp","href":"https:\/\/api.w.org\/{rel}","templated":true}]}}