{"id":693,"date":"2018-09-06T14:03:18","date_gmt":"2018-09-06T12:03:18","guid":{"rendered":"http:\/\/mz-badkreuznach.bildung-rp.de\/?page_id=693"},"modified":"2025-12-05T09:00:12","modified_gmt":"2025-12-05T08:00:12","slug":"anfahrt","status":"publish","type":"page","link":"https:\/\/mz-badkreuznach.bildung-rp.de\/?page_id=693","title":{"rendered":"Kontakt &#038; Anfahrt"},"content":{"rendered":"\n<h2 class=\"wp-block-heading\">KREISMEDIENZENTRUM<\/h2>\n\n\n\n<h5 class=\"wp-block-heading\"><span style=\"color: #6571e0;\"><span style=\"font-size: 12pt;\"><\/span><\/span>im Geb\u00e4ude der BBS<\/h5>\n\n\n\n<p class=\"wp-block-paragraph\">Ringstr. 49 &#8211; Raum 011<br>55543 Bad Kreuznach<\/p>\n\n\n\n<p class=\"wp-block-paragraph\"><strong>Wegbeschreibung:<\/strong><\/p>\n\n\n\n<p class=\"wp-block-paragraph\">Unser B\u00fcro finden Sie, wenn Sie durch den Haupteingang auf der Ringstr. 49 dem Flur rechts folgen.<br>Dort sto\u00dfen Sie auf den Raum 011.<\/p>\n\n\n\n<p class=\"wp-block-paragraph\">Das Kreismedienzentrum ist grunds\u00e4tzlich an mehreren Tagen in der Woche besetzt, allerdings in Abh\u00e4ngigkeit zu aktuellen Stundenpl\u00e4nen der Schulen zu wechselnden Uhrzeiten.<br>Vereinbaren Sie gerne einen Termin, telefonisch oder per E-Mail.<\/p>\n\n\n\n<p class=\"wp-block-paragraph\">Tel.:  0671 &#8211; 803 1667 (1668)<\/p>\n\n\n\n<p class=\"wp-block-paragraph\"><br><a href=\"mailto:bad-kreuznach@kmz.bildung-rp.de\">E-Mail allgemein an das Kreismedienzentrum<\/a><\/p>\n\n\n\n<p class=\"wp-block-paragraph\"><a href=\"mailto:evangelia.frohn@kreis-badkreuznach.de\">Pers\u00f6nliche E-Mail an Evangelia Frohn<\/a><\/p>\n\n\n\n<p class=\"wp-block-paragraph\"><a href=\"mailto:marco.spohn@kreis-badkreuznach.de\">Pers\u00f6nliche E-Mail an Marco Spohn<\/a><\/p>\n\n\n\n<p class=\"wp-block-paragraph\"><\/p>\n\n\n\n<p class=\"wp-block-paragraph\"><\/p>\n\n\n\n<p class=\"wp-block-paragraph\"><\/p>\n\n\n\n<p class=\"wp-block-paragraph\"><\/p>\n\n\n\n\n","protected":false},"excerpt":{"rendered":"<p>KREISMEDIENZENTRUM im Geb\u00e4ude der BBS Ringstr. 49 &#8211; Raum 01155543 Bad Kreuznach Wegbeschreibung: Unser B\u00fcro finden Sie, wenn Sie durch den Haupteingang auf der Ringstr. 49 dem Flur rechts folgen.Dort sto\u00dfen Sie auf den Raum 011. Das Kreismedienzentrum ist grunds\u00e4tzlich an mehreren Tagen in der Woche besetzt, allerdings in Abh\u00e4ngigkeit zu aktuellen Stundenpl\u00e4nen der Schulen [&hellip;]<\/p>\n","protected":false},"author":2,"featured_media":0,"parent":0,"menu_order":0,"comment_status":"closed","ping_status":"closed","template":"","meta":{"_crdt_document":"","footnotes":""},"class_list":["post-693","page","type-page","status-publish","hentry","entry"],"jetpack_sharing_enabled":true,"_links":{"self":[{"href":"https:\/\/mz-badkreuznach.bildung-rp.de\/index.php?rest_route=\/wp\/v2\/pages\/693","targetHints":{"allow":["GET"]}}],"collection":[{"href":"https:\/\/mz-badkreuznach.bildung-rp.de\/index.php?rest_route=\/wp\/v2\/pages"}],"about":[{"href":"https:\/\/mz-badkreuznach.bildung-rp.de\/index.php?rest_route=\/wp\/v2\/types\/page"}],"author":[{"embeddable":true,"href":"https:\/\/mz-badkreuznach.bildung-rp.de\/index.php?rest_route=\/wp\/v2\/users\/2"}],"replies":[{"embeddable":true,"href":"https:\/\/mz-badkreuznach.bildung-rp.de\/index.php?rest_route=%2Fwp%2Fv2%2Fcomments&post=693"}],"version-history":[{"count":68,"href":"https:\/\/mz-badkreuznach.bildung-rp.de\/index.php?rest_route=\/wp\/v2\/pages\/693\/revisions"}],"predecessor-version":[{"id":27050,"href":"https:\/\/mz-badkreuznach.bildung-rp.de\/index.php?rest_route=\/wp\/v2\/pages\/693\/revisions\/27050"}],"wp:attachment":[{"href":"https:\/\/mz-badkreuznach.bildung-rp.de\/index.php?rest_route=%2Fwp%2Fv2%2Fmedia&parent=693"}],"curies":[{"name":"wp","href":"https:\/\/api.w.org\/{rel}","templated":true}]}}